{"id":6425,"date":"2026-03-06T14:16:04","date_gmt":"2026-03-06T14:16:04","guid":{"rendered":"https:\/\/maxdivani.it\/travaillez-avec-nous\/"},"modified":"2026-04-14T07:56:32","modified_gmt":"2026-04-14T07:56:32","slug":"travaillez-avec-nous","status":"publish","type":"page","link":"https:\/\/maxdivani.it\/fr\/travaillez-avec-nous\/","title":{"rendered":"Travaillez avec nous"},"content":{"rendered":"\t\t<div data-elementor-type=\"wp-page\" data-elementor-id=\"6425\" class=\"elementor elementor-6425 elementor-1310\" data-elementor-post-type=\"page\">\n\t\t\t\t<div class=\"elementor-element elementor-element-b5dd1d5 e-con-full e-flex e-con e-parent\" data-id=\"b5dd1d5\" data-element_type=\"container\" data-e-type=\"container\">\n\t\t\t\t<div class=\"elementor-element elementor-element-adc015f elementor-widget elementor-widget-image\" data-id=\"adc015f\" data-element_type=\"widget\" data-e-type=\"widget\" data-widget_type=\"image.default\">\n\t\t\t\t\t\t\t\t\t\t\t\t\t\t\t<img fetchpriority=\"high\" decoding=\"async\" width=\"1920\" height=\"850\" src=\"https:\/\/maxdivani.it\/wp-content\/uploads\/2026\/03\/maxdivani-LAVORA-CON-NOI_hero.webp\" class=\"attachment-full size-full wp-image-6307\" alt=\"\" srcset=\"https:\/\/maxdivani.it\/wp-content\/uploads\/2026\/03\/maxdivani-LAVORA-CON-NOI_hero.webp 1920w, https:\/\/maxdivani.it\/wp-content\/uploads\/2026\/03\/maxdivani-LAVORA-CON-NOI_hero-300x133.webp 300w, https:\/\/maxdivani.it\/wp-content\/uploads\/2026\/03\/maxdivani-LAVORA-CON-NOI_hero-1024x453.webp 1024w, https:\/\/maxdivani.it\/wp-content\/uploads\/2026\/03\/maxdivani-LAVORA-CON-NOI_hero-768x340.webp 768w, https:\/\/maxdivani.it\/wp-content\/uploads\/2026\/03\/maxdivani-LAVORA-CON-NOI_hero-1536x680.webp 1536w\" sizes=\"(max-width: 1920px) 100vw, 1920px\" \/>\t\t\t\t\t\t\t\t\t\t\t\t\t\t\t<\/div>\n\t\t\t\t<\/div>\n\t\t<div class=\"elementor-element elementor-element-e91e832 e-flex e-con-boxed e-con e-parent\" data-id=\"e91e832\" data-element_type=\"container\" data-e-type=\"container\">\n\t\t\t\t\t<div class=\"e-con-inner\">\n\t\t<div class=\"elementor-element elementor-element-68c652d3 e-con-full e-flex e-con e-child\" data-id=\"68c652d3\" data-element_type=\"container\" data-e-type=\"container\">\n\t\t\t\t<div class=\"elementor-element elementor-element-4c0870db elementor-widget elementor-widget-image\" data-id=\"4c0870db\" data-element_type=\"widget\" data-e-type=\"widget\" data-widget_type=\"image.default\">\n\t\t\t\t\t\t\t\t\t\t\t\t\t\t\t<img decoding=\"async\" width=\"600\" height=\"800\" src=\"https:\/\/maxdivani.it\/wp-content\/uploads\/2026\/03\/maxdivani-LAVORA-CON-NOI.webp\" class=\"attachment-full size-full wp-image-6308\" alt=\"\" srcset=\"https:\/\/maxdivani.it\/wp-content\/uploads\/2026\/03\/maxdivani-LAVORA-CON-NOI.webp 600w, https:\/\/maxdivani.it\/wp-content\/uploads\/2026\/03\/maxdivani-LAVORA-CON-NOI-225x300.webp 225w\" sizes=\"(max-width: 600px) 100vw, 600px\" \/>\t\t\t\t\t\t\t\t\t\t\t\t\t\t\t<\/div>\n\t\t\t\t<\/div>\n\t\t<div class=\"elementor-element elementor-element-64ea7fb1 e-con-full e-flex e-con e-child\" data-id=\"64ea7fb1\" data-element_type=\"container\" data-e-type=\"container\" data-settings=\"{&quot;background_background&quot;:&quot;classic&quot;}\">\n\t\t\t\t<div class=\"elementor-element elementor-element-5f953543 elementor-widget elementor-widget-text-editor\" data-id=\"5f953543\" data-element_type=\"widget\" data-e-type=\"widget\" data-widget_type=\"text-editor.default\">\n\t\t\t\t\t\t\t\t\t<p><strong>Passion, envie de grandir dans un environnement dynamique, professionnalisme : nous croyons au travail d\u2019\u00e9quipe et aimons investir dans de jeunes talents.<\/strong><\/p>\n<p>Remplissez le formulaire suivant pour nous envoyer votre candidature :<\/p>\n\t\t\t\t\t\t\t\t<\/div>\n\t\t\t\t<div class=\"elementor-element elementor-element-33aa1b2 elementor-button-align-center elementor-widget elementor-widget-form\" data-id=\"33aa1b2\" data-element_type=\"widget\" data-e-type=\"widget\" data-settings=\"{&quot;step_next_label&quot;:&quot;Suivant&quot;,&quot;step_previous_label&quot;:&quot;Pr\\u00e9c\\u00e9dent&quot;,&quot;button_width&quot;:&quot;100&quot;,&quot;step_type&quot;:&quot;number_text&quot;,&quot;step_icon_shape&quot;:&quot;circle&quot;}\" data-widget_type=\"form.default\">\n\t\t\t\t\t\t\t<form class=\"elementor-form\" method=\"post\" name=\"Nouveau formulaire\" aria-label=\"Nouveau formulaire\">\n\t\t\t<input type=\"hidden\" name=\"post_id\" value=\"6425\"\/>\n\t\t\t<input type=\"hidden\" name=\"form_id\" value=\"33aa1b2\"\/>\n\t\t\t<input type=\"hidden\" name=\"referer_title\" value=\"Travaillez avec nous - MAX DIVANI\" \/>\n\n\t\t\t\t\t\t\t<input type=\"hidden\" name=\"queried_id\" value=\"6425\"\/>\n\t\t\t\n\t\t\t<div class=\"elementor-form-fields-wrapper elementor-labels-above\">\n\t\t\t\t\t\t\t\t<div class=\"elementor-field-type-text elementor-field-group elementor-column elementor-field-group-nome elementor-col-50 elementor-field-required elementor-mark-required\">\n\t\t\t\t\t\t\t\t\t\t\t\t<label for=\"form-field-nome\" class=\"elementor-field-label\">\n\t\t\t\t\t\t\t\tNom\t\t\t\t\t\t\t<\/label>\n\t\t\t\t\t\t\t\t\t\t\t\t\t\t<input size=\"1\" type=\"text\" name=\"form_fields[nome]\" id=\"form-field-nome\" class=\"elementor-field elementor-size-sm  elementor-field-textual\" required=\"required\">\n\t\t\t\t\t\t\t\t\t\t\t<\/div>\n\t\t\t\t\t\t\t\t<div class=\"elementor-field-type-text elementor-field-group elementor-column elementor-field-group-cognome elementor-col-50 elementor-field-required elementor-mark-required\">\n\t\t\t\t\t\t\t\t\t\t\t\t<label for=\"form-field-cognome\" class=\"elementor-field-label\">\n\t\t\t\t\t\t\t\tNom de famille\t\t\t\t\t\t\t<\/label>\n\t\t\t\t\t\t\t\t\t\t\t\t\t\t<input size=\"1\" type=\"text\" name=\"form_fields[cognome]\" id=\"form-field-cognome\" class=\"elementor-field elementor-size-sm  elementor-field-textual\" required=\"required\">\n\t\t\t\t\t\t\t\t\t\t\t<\/div>\n\t\t\t\t\t\t\t\t<div class=\"elementor-field-type-email elementor-field-group elementor-column elementor-field-group-email elementor-col-50 elementor-field-required elementor-mark-required\">\n\t\t\t\t\t\t\t\t\t\t\t\t<label for=\"form-field-email\" class=\"elementor-field-label\">\n\t\t\t\t\t\t\t\tE-mail\t\t\t\t\t\t\t<\/label>\n\t\t\t\t\t\t\t\t\t\t\t\t\t\t<input size=\"1\" type=\"email\" name=\"form_fields[email]\" id=\"form-field-email\" class=\"elementor-field elementor-size-sm  elementor-field-textual\" required=\"required\">\n\t\t\t\t\t\t\t\t\t\t\t<\/div>\n\t\t\t\t\t\t\t\t<div class=\"elementor-field-type-tel elementor-field-group elementor-column elementor-field-group-telefono elementor-col-50 elementor-field-required elementor-mark-required\">\n\t\t\t\t\t\t\t\t\t\t\t\t<label for=\"form-field-telefono\" class=\"elementor-field-label\">\n\t\t\t\t\t\t\t\tT\u00e9l.\t\t\t\t\t\t\t<\/label>\n\t\t\t\t\t\t\t\t<input size=\"1\" type=\"tel\" name=\"form_fields[telefono]\" id=\"form-field-telefono\" class=\"elementor-field elementor-size-sm  elementor-field-textual\" required=\"required\" pattern=\"[0-9()#&amp;+*-=.]+\" title=\"Seuls les caract\u00e8res de num\u00e9ros de t\u00e9l\u00e9phone (#, -, *, etc.) sont accept\u00e9s.\">\n\n\t\t\t\t\t\t<\/div>\n\t\t\t\t\t\t\t\t<div class=\"elementor-field-type-select elementor-field-group elementor-column elementor-field-group-ruolo elementor-col-100 elementor-field-required elementor-mark-required\">\n\t\t\t\t\t\t\t\t\t\t\t\t<label for=\"form-field-ruolo\" class=\"elementor-field-label\">\n\t\t\t\t\t\t\t\tPoste pour lequel vous postulez :\t\t\t\t\t\t\t<\/label>\n\t\t\t\t\t\t\t\t<div class=\"elementor-field elementor-select-wrapper remove-before \">\n\t\t\t<div class=\"select-caret-down-wrapper\">\n\t\t\t\t<svg aria-hidden=\"true\" class=\"e-font-icon-svg e-eicon-caret-down\" viewBox=\"0 0 571.4 571.4\" xmlns=\"http:\/\/www.w3.org\/2000\/svg\"><path d=\"M571 393Q571 407 561 418L311 668Q300 679 286 679T261 668L11 418Q0 407 0 393T11 368 36 357H536Q550 357 561 368T571 393Z\"><\/path><\/svg>\t\t\t<\/div>\n\t\t\t<select name=\"form_fields[ruolo]\" id=\"form-field-ruolo\" class=\"elementor-field-textual elementor-size-sm\" required=\"required\">\n\t\t\t\t\t\t\t\t\t<option value=\"--\">--<\/option>\n\t\t\t\t\t\t\t\t\t<option value=\"Vendeur\">Vendeur<\/option>\n\t\t\t\t\t\t\t\t\t<option value=\"Commercial\">Commercial<\/option>\n\t\t\t\t\t\t\t\t\t<option value=\"Magasinier\">Magasinier<\/option>\n\t\t\t\t\t\t\t\t\t<option value=\"Autre\">Autre<\/option>\n\t\t\t\t\t\t\t<\/select>\n\t\t<\/div>\n\t\t\t\t\t\t<\/div>\n\t\t\t\t\t\t\t\t<div class=\"elementor-field-type-upload elementor-field-group elementor-column elementor-field-group-curriculum elementor-col-100\">\n\t\t\t\t\t\t\t\t\t\t\t\t<label for=\"form-field-curriculum\" class=\"elementor-field-label\">\n\t\t\t\t\t\t\t\t<br\/><br\/><b>Joindre le curriculum vitae<\/b> (pdf\/doc\/docx max 2 Mo)\t\t\t\t\t\t\t<\/label>\n\t\t\t\t\t\t\t\t<input type=\"file\" name=\"form_fields[curriculum]\" id=\"form-field-curriculum\" class=\"elementor-field elementor-size-sm  elementor-upload-field\" data-maxsize=\"12\" data-maxsize-message=\"Ce fichier d\u00e9passe la taille maximale autoris\u00e9e.\">\n\n\t\t\t\t\t\t<\/div>\n\t\t\t\t\t\t\t\t<div class=\"elementor-field-type-textarea elementor-field-group elementor-column elementor-field-group-messaggio elementor-col-100\">\n\t\t\t\t\t\t\t\t\t\t\t\t<label for=\"form-field-messaggio\" class=\"elementor-field-label\">\n\t\t\t\t\t\t\t\t<br\/><br\/>Message\t\t\t\t\t\t\t<\/label>\n\t\t\t\t\t\t<textarea class=\"elementor-field-textual elementor-field  elementor-size-sm\" name=\"form_fields[messaggio]\" id=\"form-field-messaggio\" rows=\"8\"><\/textarea>\t\t\t\t<\/div>\n\t\t\t\t\t\t\t\t<div class=\"elementor-field-type-checkbox elementor-field-group elementor-column elementor-field-group-privacy elementor-col-100\">\n\t\t\t\t\t<div class=\"elementor-field-subgroup  elementor-subgroup-inline\"><span class=\"elementor-field-option\"><input type=\"checkbox\" value=\"J\u2019accepte le traitement de mes donn\u00e9es personnelles afin de recevoir une r\u00e9ponse \u00e0 mon message, comme indiqu\u00e9 dans la Politique de confidentialit\u00e9.\" id=\"form-field-privacy-0\" name=\"form_fields[privacy]\"> <label for=\"form-field-privacy-0\">J\u2019accepte le traitement de mes donn\u00e9es personnelles afin de recevoir une r\u00e9ponse \u00e0 mon message, comme indiqu\u00e9 dans la Politique de confidentialit\u00e9.<\/label><\/span><\/div>\t\t\t\t<\/div>\n\t\t\t\t\t\t\t\t<div class=\"elementor-field-group elementor-column elementor-field-type-submit elementor-col-100 e-form__buttons\">\n\t\t\t\t\t<button class=\"elementor-button elementor-size-sm\" type=\"submit\">\n\t\t\t\t\t\t<span class=\"elementor-button-content-wrapper\">\n\t\t\t\t\t\t\t\t\t\t\t\t\t\t\t\t\t\t\t\t\t\t<span class=\"elementor-button-text\">Envoyer<\/span>\n\t\t\t\t\t\t\t\t\t\t\t\t\t<\/span>\n\t\t\t\t\t<\/button>\n\t\t\t\t<\/div>\n\t\t\t<\/div>\n\t\t<\/form>\n\t\t\t\t\t\t<\/div>\n\t\t\t\t<\/div>\n\t\t\t\t\t<\/div>\n\t\t\t\t<\/div>\n\t\t\t\t<\/div>\n\t\t","protected":false},"excerpt":{"rendered":"<p>Passion, envie de grandir dans un environnement dynamique, professionnalisme : nous croyons au travail d\u2019\u00e9quipe et aimons investir dans de jeunes talents. Remplissez le formulaire suivant pour nous envoyer votre candidature :<\/p>\n","protected":false},"author":1,"featured_media":0,"parent":0,"menu_order":0,"comment_status":"closed","ping_status":"closed","template":"","meta":{"_acf_changed":false,"footnotes":""},"class_list":["post-6425","page","type-page","status-publish","hentry"],"acf":[],"yoast_head":"<!-- This site is optimized with the Yoast SEO plugin v27.4 - https:\/\/yoast.com\/product\/yoast-seo-wordpress\/ -->\n<title>Travaillez avec nous - MAX DIVANI<\/title>\n<meta name=\"robots\" content=\"index, follow, max-snippet:-1, max-image-preview:large, max-video-preview:-1\" \/>\n<link rel=\"canonical\" href=\"https:\/\/maxdivani.it\/fr\/travaillez-avec-nous\/\" \/>\n<meta property=\"og:locale\" content=\"fr_FR\" \/>\n<meta property=\"og:type\" content=\"article\" \/>\n<meta property=\"og:title\" content=\"Travaillez avec nous - MAX DIVANI\" \/>\n<meta property=\"og:description\" content=\"Passion, envie de grandir dans un environnement dynamique, professionnalisme : nous croyons au travail d\u2019\u00e9quipe et aimons investir dans de jeunes talents. Remplissez le formulaire suivant pour nous envoyer votre candidature :\" \/>\n<meta property=\"og:url\" content=\"https:\/\/maxdivani.it\/fr\/travaillez-avec-nous\/\" \/>\n<meta property=\"og:site_name\" content=\"MAX DIVANI\" \/>\n<meta property=\"article:modified_time\" content=\"2026-04-14T07:56:32+00:00\" \/>\n<meta property=\"og:image\" content=\"https:\/\/maxdivani.it\/wp-content\/uploads\/2026\/03\/maxdivani-LAVORA-CON-NOI_hero.webp\" \/>\n\t<meta property=\"og:image:width\" content=\"1920\" \/>\n\t<meta property=\"og:image:height\" content=\"850\" \/>\n\t<meta property=\"og:image:type\" content=\"image\/webp\" \/>\n<meta name=\"twitter:card\" content=\"summary_large_image\" \/>\n<script type=\"application\/ld+json\" class=\"yoast-schema-graph\">{\"@context\":\"https:\\\/\\\/schema.org\",\"@graph\":[{\"@type\":\"WebPage\",\"@id\":\"https:\\\/\\\/maxdivani.it\\\/fr\\\/travaillez-avec-nous\\\/\",\"url\":\"https:\\\/\\\/maxdivani.it\\\/fr\\\/travaillez-avec-nous\\\/\",\"name\":\"Travaillez avec nous - MAX DIVANI\",\"isPartOf\":{\"@id\":\"https:\\\/\\\/maxdivani.it\\\/#website\"},\"primaryImageOfPage\":{\"@id\":\"https:\\\/\\\/maxdivani.it\\\/fr\\\/travaillez-avec-nous\\\/#primaryimage\"},\"image\":{\"@id\":\"https:\\\/\\\/maxdivani.it\\\/fr\\\/travaillez-avec-nous\\\/#primaryimage\"},\"thumbnailUrl\":\"https:\\\/\\\/maxdivani.it\\\/wp-content\\\/uploads\\\/2026\\\/03\\\/maxdivani-LAVORA-CON-NOI_hero.webp\",\"datePublished\":\"2026-03-06T14:16:04+00:00\",\"dateModified\":\"2026-04-14T07:56:32+00:00\",\"breadcrumb\":{\"@id\":\"https:\\\/\\\/maxdivani.it\\\/fr\\\/travaillez-avec-nous\\\/#breadcrumb\"},\"inLanguage\":\"fr-FR\",\"potentialAction\":[{\"@type\":\"ReadAction\",\"target\":[\"https:\\\/\\\/maxdivani.it\\\/fr\\\/travaillez-avec-nous\\\/\"]}]},{\"@type\":\"ImageObject\",\"inLanguage\":\"fr-FR\",\"@id\":\"https:\\\/\\\/maxdivani.it\\\/fr\\\/travaillez-avec-nous\\\/#primaryimage\",\"url\":\"https:\\\/\\\/maxdivani.it\\\/wp-content\\\/uploads\\\/2026\\\/03\\\/maxdivani-LAVORA-CON-NOI_hero.webp\",\"contentUrl\":\"https:\\\/\\\/maxdivani.it\\\/wp-content\\\/uploads\\\/2026\\\/03\\\/maxdivani-LAVORA-CON-NOI_hero.webp\"},{\"@type\":\"BreadcrumbList\",\"@id\":\"https:\\\/\\\/maxdivani.it\\\/fr\\\/travaillez-avec-nous\\\/#breadcrumb\",\"itemListElement\":[{\"@type\":\"ListItem\",\"position\":1,\"name\":\"Home\",\"item\":\"https:\\\/\\\/maxdivani.it\\\/fr\\\/\"},{\"@type\":\"ListItem\",\"position\":2,\"name\":\"Travaillez avec nous\"}]},{\"@type\":\"WebSite\",\"@id\":\"https:\\\/\\\/maxdivani.it\\\/#website\",\"url\":\"https:\\\/\\\/maxdivani.it\\\/\",\"name\":\"MAX DIVANI\",\"description\":\"100% MADE IN ITALY\",\"publisher\":{\"@id\":\"https:\\\/\\\/maxdivani.it\\\/#organization\"},\"potentialAction\":[{\"@type\":\"SearchAction\",\"target\":{\"@type\":\"EntryPoint\",\"urlTemplate\":\"https:\\\/\\\/maxdivani.it\\\/?s={search_term_string}\"},\"query-input\":{\"@type\":\"PropertyValueSpecification\",\"valueRequired\":true,\"valueName\":\"search_term_string\"}}],\"inLanguage\":\"fr-FR\"},{\"@type\":\"Organization\",\"@id\":\"https:\\\/\\\/maxdivani.it\\\/#organization\",\"name\":\"MAX DIVANI\",\"url\":\"https:\\\/\\\/maxdivani.it\\\/\",\"logo\":{\"@type\":\"ImageObject\",\"inLanguage\":\"fr-FR\",\"@id\":\"https:\\\/\\\/maxdivani.it\\\/#\\\/schema\\\/logo\\\/image\\\/\",\"url\":\"https:\\\/\\\/maxdivani.it\\\/wp-content\\\/uploads\\\/2026\\\/02\\\/logo_maxdivani.svg\",\"contentUrl\":\"https:\\\/\\\/maxdivani.it\\\/wp-content\\\/uploads\\\/2026\\\/02\\\/logo_maxdivani.svg\",\"width\":566,\"height\":141,\"caption\":\"MAX DIVANI\"},\"image\":{\"@id\":\"https:\\\/\\\/maxdivani.it\\\/#\\\/schema\\\/logo\\\/image\\\/\"}}]}<\/script>\n<!-- \/ Yoast SEO plugin. -->","yoast_head_json":{"title":"Travaillez avec nous - MAX DIVANI","robots":{"index":"index","follow":"follow","max-snippet":"max-snippet:-1","max-image-preview":"max-image-preview:large","max-video-preview":"max-video-preview:-1"},"canonical":"https:\/\/maxdivani.it\/fr\/travaillez-avec-nous\/","og_locale":"fr_FR","og_type":"article","og_title":"Travaillez avec nous - MAX DIVANI","og_description":"Passion, envie de grandir dans un environnement dynamique, professionnalisme : nous croyons au travail d\u2019\u00e9quipe et aimons investir dans de jeunes talents. Remplissez le formulaire suivant pour nous envoyer votre candidature :","og_url":"https:\/\/maxdivani.it\/fr\/travaillez-avec-nous\/","og_site_name":"MAX DIVANI","article_modified_time":"2026-04-14T07:56:32+00:00","og_image":[{"width":1920,"height":850,"url":"https:\/\/maxdivani.it\/wp-content\/uploads\/2026\/03\/maxdivani-LAVORA-CON-NOI_hero.webp","type":"image\/webp"}],"twitter_card":"summary_large_image","schema":{"@context":"https:\/\/schema.org","@graph":[{"@type":"WebPage","@id":"https:\/\/maxdivani.it\/fr\/travaillez-avec-nous\/","url":"https:\/\/maxdivani.it\/fr\/travaillez-avec-nous\/","name":"Travaillez avec nous - MAX DIVANI","isPartOf":{"@id":"https:\/\/maxdivani.it\/#website"},"primaryImageOfPage":{"@id":"https:\/\/maxdivani.it\/fr\/travaillez-avec-nous\/#primaryimage"},"image":{"@id":"https:\/\/maxdivani.it\/fr\/travaillez-avec-nous\/#primaryimage"},"thumbnailUrl":"https:\/\/maxdivani.it\/wp-content\/uploads\/2026\/03\/maxdivani-LAVORA-CON-NOI_hero.webp","datePublished":"2026-03-06T14:16:04+00:00","dateModified":"2026-04-14T07:56:32+00:00","breadcrumb":{"@id":"https:\/\/maxdivani.it\/fr\/travaillez-avec-nous\/#breadcrumb"},"inLanguage":"fr-FR","potentialAction":[{"@type":"ReadAction","target":["https:\/\/maxdivani.it\/fr\/travaillez-avec-nous\/"]}]},{"@type":"ImageObject","inLanguage":"fr-FR","@id":"https:\/\/maxdivani.it\/fr\/travaillez-avec-nous\/#primaryimage","url":"https:\/\/maxdivani.it\/wp-content\/uploads\/2026\/03\/maxdivani-LAVORA-CON-NOI_hero.webp","contentUrl":"https:\/\/maxdivani.it\/wp-content\/uploads\/2026\/03\/maxdivani-LAVORA-CON-NOI_hero.webp"},{"@type":"BreadcrumbList","@id":"https:\/\/maxdivani.it\/fr\/travaillez-avec-nous\/#breadcrumb","itemListElement":[{"@type":"ListItem","position":1,"name":"Home","item":"https:\/\/maxdivani.it\/fr\/"},{"@type":"ListItem","position":2,"name":"Travaillez avec nous"}]},{"@type":"WebSite","@id":"https:\/\/maxdivani.it\/#website","url":"https:\/\/maxdivani.it\/","name":"MAX DIVANI","description":"100% MADE IN ITALY","publisher":{"@id":"https:\/\/maxdivani.it\/#organization"},"potentialAction":[{"@type":"SearchAction","target":{"@type":"EntryPoint","urlTemplate":"https:\/\/maxdivani.it\/?s={search_term_string}"},"query-input":{"@type":"PropertyValueSpecification","valueRequired":true,"valueName":"search_term_string"}}],"inLanguage":"fr-FR"},{"@type":"Organization","@id":"https:\/\/maxdivani.it\/#organization","name":"MAX DIVANI","url":"https:\/\/maxdivani.it\/","logo":{"@type":"ImageObject","inLanguage":"fr-FR","@id":"https:\/\/maxdivani.it\/#\/schema\/logo\/image\/","url":"https:\/\/maxdivani.it\/wp-content\/uploads\/2026\/02\/logo_maxdivani.svg","contentUrl":"https:\/\/maxdivani.it\/wp-content\/uploads\/2026\/02\/logo_maxdivani.svg","width":566,"height":141,"caption":"MAX DIVANI"},"image":{"@id":"https:\/\/maxdivani.it\/#\/schema\/logo\/image\/"}}]}},"_links":{"self":[{"href":"https:\/\/maxdivani.it\/fr\/wp-json\/wp\/v2\/pages\/6425","targetHints":{"allow":["GET"]}}],"collection":[{"href":"https:\/\/maxdivani.it\/fr\/wp-json\/wp\/v2\/pages"}],"about":[{"href":"https:\/\/maxdivani.it\/fr\/wp-json\/wp\/v2\/types\/page"}],"author":[{"embeddable":true,"href":"https:\/\/maxdivani.it\/fr\/wp-json\/wp\/v2\/users\/1"}],"replies":[{"embeddable":true,"href":"https:\/\/maxdivani.it\/fr\/wp-json\/wp\/v2\/comments?post=6425"}],"version-history":[{"count":1,"href":"https:\/\/maxdivani.it\/fr\/wp-json\/wp\/v2\/pages\/6425\/revisions"}],"predecessor-version":[{"id":6428,"href":"https:\/\/maxdivani.it\/fr\/wp-json\/wp\/v2\/pages\/6425\/revisions\/6428"}],"wp:attachment":[{"href":"https:\/\/maxdivani.it\/fr\/wp-json\/wp\/v2\/media?parent=6425"}],"curies":[{"name":"wp","href":"https:\/\/api.w.org\/{rel}","templated":true}]}}