{"id":6403,"date":"2026-02-18T12:08:08","date_gmt":"2026-02-18T12:08:08","guid":{"rendered":"https:\/\/maxdivani.it\/materiaux\/"},"modified":"2026-04-13T10:23:44","modified_gmt":"2026-04-13T10:23:44","slug":"materiaux","status":"publish","type":"page","link":"https:\/\/maxdivani.it\/fr\/materiaux\/","title":{"rendered":"Materiaux"},"content":{"rendered":"\t\t<div data-elementor-type=\"wp-page\" data-elementor-id=\"6403\" class=\"elementor elementor-6403 elementor-16\" data-elementor-post-type=\"page\">\n\t\t\t\t<div class=\"elementor-element elementor-element-bb38106 e-con-full e-flex e-con e-parent\" data-id=\"bb38106\" data-element_type=\"container\" data-e-type=\"container\">\n\t\t\t\t<div class=\"elementor-element elementor-element-60d155b elementor-widget elementor-widget-image\" data-id=\"60d155b\" data-element_type=\"widget\" data-e-type=\"widget\" data-widget_type=\"image.default\">\n\t\t\t\t\t\t\t\t\t\t\t\t\t\t\t<img fetchpriority=\"high\" decoding=\"async\" width=\"1920\" height=\"850\" src=\"https:\/\/maxdivani.it\/wp-content\/uploads\/2026\/04\/materiali-1920x850-hero.webp\" class=\"attachment-full size-full wp-image-6372\" alt=\"\" srcset=\"https:\/\/maxdivani.it\/wp-content\/uploads\/2026\/04\/materiali-1920x850-hero.webp 1920w, https:\/\/maxdivani.it\/wp-content\/uploads\/2026\/04\/materiali-1920x850-hero-300x133.webp 300w, https:\/\/maxdivani.it\/wp-content\/uploads\/2026\/04\/materiali-1920x850-hero-1024x453.webp 1024w, https:\/\/maxdivani.it\/wp-content\/uploads\/2026\/04\/materiali-1920x850-hero-768x340.webp 768w, https:\/\/maxdivani.it\/wp-content\/uploads\/2026\/04\/materiali-1920x850-hero-1536x680.webp 1536w\" sizes=\"(max-width: 1920px) 100vw, 1920px\" \/>\t\t\t\t\t\t\t\t\t\t\t\t\t\t\t<\/div>\n\t\t\t\t<\/div>\n\t\t<div class=\"elementor-element elementor-element-7ac616f6 e-flex e-con-boxed e-con e-parent\" data-id=\"7ac616f6\" data-element_type=\"container\" data-e-type=\"container\">\n\t\t\t\t\t<div class=\"e-con-inner\">\n\t\t<div class=\"elementor-element elementor-element-7d324ecc e-flex e-con-boxed e-con e-child\" data-id=\"7d324ecc\" data-element_type=\"container\" data-e-type=\"container\">\n\t\t\t\t\t<div class=\"e-con-inner\">\n\t\t\t\t<div class=\"elementor-element elementor-element-b4a1e0d elementor-widget elementor-widget-text-editor\" data-id=\"b4a1e0d\" data-element_type=\"widget\" data-e-type=\"widget\" data-widget_type=\"text-editor.default\">\n\t\t\t\t\t\t\t\t\t<div>Rev\u00eatements et finitions<\/div>\n\t\t\t\t\t\t\t\t<\/div>\n\t\t\t\t<div class=\"elementor-element elementor-element-8cd67e1 elementor-widget elementor-widget-heading\" data-id=\"8cd67e1\" data-element_type=\"widget\" data-e-type=\"widget\" data-widget_type=\"heading.default\">\n\t\t\t\t\t<h3 class=\"elementor-heading-title elementor-size-default\">Materiaux<\/h3>\t\t\t\t<\/div>\n\t\t\t\t<div class=\"elementor-element elementor-element-055ccc7 elementor-widget elementor-widget-text-editor\" data-id=\"055ccc7\" data-element_type=\"widget\" data-e-type=\"widget\" data-widget_type=\"text-editor.default\">\n\t\t\t\t\t\t\t\t\t<p>La qualit\u00e9 d\u2019un canap\u00e9 ou d\u2019un fauteuil n\u2019est pas un d\u00e9tail : c\u2019est l\u2019essence m\u00eame de l\u2019objet.<br \/>C\u2019est ce qui transforme un simple meuble en compagnon de vie, capable de r\u00e9sister au temps, aux habitudes et aux gestes du quotidien. <br \/>C\u2019est pourquoi nous s\u00e9lectionnons uniquement des mat\u00e9riaux qui garantissent confort, beaut\u00e9 et durabilit\u00e9, sans compromis.<\/p>\n\t\t\t\t\t\t\t\t<\/div>\n\t\t\t\t\t<\/div>\n\t\t\t\t<\/div>\n\t\t\t\t\t<\/div>\n\t\t\t\t<\/div>\n\t\t<div class=\"elementor-element elementor-element-90fa5f6 e-flex e-con-boxed e-con e-parent\" data-id=\"90fa5f6\" data-element_type=\"container\" data-e-type=\"container\">\n\t\t\t\t\t<div class=\"e-con-inner\">\n\t\t<div class=\"elementor-element elementor-element-0e5f3e9 e-con-full e-flex e-con e-child\" data-id=\"0e5f3e9\" data-element_type=\"container\" data-e-type=\"container\">\n\t\t\t\t<div class=\"elementor-element elementor-element-4b2afe5 elementor-widget elementor-widget-heading\" data-id=\"4b2afe5\" data-element_type=\"widget\" data-e-type=\"widget\" data-widget_type=\"heading.default\">\n\t\t\t\t\t<h5 class=\"elementor-heading-title elementor-size-default\">Rev\u00eatements<\/h5>\t\t\t\t<\/div>\n\t\t\t\t<div class=\"elementor-element elementor-element-a373aa4 elementor-widget elementor-widget-text-editor\" data-id=\"a373aa4\" data-element_type=\"widget\" data-e-type=\"widget\" data-widget_type=\"text-editor.default\">\n\t\t\t\t\t\t\t\t\t<p>Nos cuirs proviennent de tanneries certifi\u00e9es, o\u00f9 chaque \u00e9tape de la transformation respecte la naturalit\u00e9 du mat\u00e9riau. <br \/>La s\u00e9lection des tissus est un \u00e9quilibre entre esth\u00e9tique et performance.<\/p>\n\t\t\t\t\t\t\t\t<\/div>\n\t\t\t\t<\/div>\n\t\t<div class=\"elementor-element elementor-element-87d35d5 e-con-full e-flex e-con e-child\" data-id=\"87d35d5\" data-element_type=\"container\" data-e-type=\"container\">\n\t\t\t\t<div class=\"elementor-element elementor-element-5e1f5b2 elementor-mobile-align-left elementor-widget elementor-widget-button\" data-id=\"5e1f5b2\" data-element_type=\"widget\" data-e-type=\"widget\" data-widget_type=\"button.default\">\n\t\t\t\t\t\t\t\t\t\t<a class=\"elementor-button elementor-button-link elementor-size-sm\" href=\"https:\/\/maxdivani.it\/fr\/revetements\/\">\n\t\t\t\t\t\t<span class=\"elementor-button-content-wrapper\">\n\t\t\t\t\t\t\t\t\t<span class=\"elementor-button-text\">aller aux rev\u00eatements<\/span>\n\t\t\t\t\t<\/span>\n\t\t\t\t\t<\/a>\n\t\t\t\t\t\t\t\t<\/div>\n\t\t\t\t<\/div>\n\t\t\t\t\t<\/div>\n\t\t\t\t<\/div>\n\t\t<div class=\"elementor-element elementor-element-bc79cdb e-flex e-con-boxed e-con e-child\" data-id=\"bc79cdb\" data-element_type=\"container\" data-e-type=\"container\">\n\t\t\t\t\t<div class=\"e-con-inner\">\n\t\t<div class=\"elementor-element elementor-element-8ff22cd e-con-full e-flex e-con e-child\" data-id=\"8ff22cd\" data-element_type=\"container\" data-e-type=\"container\">\n\t\t\t\t<div class=\"elementor-element elementor-element-6f0bd2c elementor-widget elementor-widget-image\" data-id=\"6f0bd2c\" data-element_type=\"widget\" data-e-type=\"widget\" data-widget_type=\"image.default\">\n\t\t\t\t\t\t\t\t\t\t\t\t\t\t\t<img decoding=\"async\" width=\"1200\" height=\"800\" src=\"https:\/\/maxdivani.it\/wp-content\/uploads\/2026\/03\/foto_rivestimenti2.webp\" class=\"attachment-full size-full wp-image-6373\" alt=\"\" srcset=\"https:\/\/maxdivani.it\/wp-content\/uploads\/2026\/03\/foto_rivestimenti2.webp 1200w, https:\/\/maxdivani.it\/wp-content\/uploads\/2026\/03\/foto_rivestimenti2-300x200.webp 300w, https:\/\/maxdivani.it\/wp-content\/uploads\/2026\/03\/foto_rivestimenti2-1024x683.webp 1024w, https:\/\/maxdivani.it\/wp-content\/uploads\/2026\/03\/foto_rivestimenti2-768x512.webp 768w\" sizes=\"(max-width: 1200px) 100vw, 1200px\" \/>\t\t\t\t\t\t\t\t\t\t\t\t\t\t\t<\/div>\n\t\t\t\t<\/div>\n\t\t<div class=\"elementor-element elementor-element-86491b3 e-con-full e-flex e-con e-child\" data-id=\"86491b3\" data-element_type=\"container\" data-e-type=\"container\" data-settings=\"{&quot;background_background&quot;:&quot;classic&quot;}\">\n\t\t\t\t<\/div>\n\t\t\t\t\t<\/div>\n\t\t\t\t<\/div>\n\t\t<div class=\"elementor-element elementor-element-bad658f e-flex e-con-boxed e-con e-parent\" data-id=\"bad658f\" data-element_type=\"container\" data-e-type=\"container\">\n\t\t\t\t\t<div class=\"e-con-inner\">\n\t\t<div class=\"elementor-element elementor-element-0663228 e-con-full e-flex e-con e-child\" data-id=\"0663228\" data-element_type=\"container\" data-e-type=\"container\">\n\t\t\t\t<div class=\"elementor-element elementor-element-2630aa4 elementor-widget elementor-widget-heading\" data-id=\"2630aa4\" data-element_type=\"widget\" data-e-type=\"widget\" data-widget_type=\"heading.default\">\n\t\t\t\t\t<h5 class=\"elementor-heading-title elementor-size-default\">Finitions<\/h5>\t\t\t\t<\/div>\n\t\t\t\t<div class=\"elementor-element elementor-element-2ed3c81 elementor-widget elementor-widget-text-editor\" data-id=\"2ed3c81\" data-element_type=\"widget\" data-e-type=\"widget\" data-widget_type=\"text-editor.default\">\n\t\t\t\t\t\t\t\t\t<p>La solidit\u00e9 d\u2019un canap\u00e9 na\u00eet de son c\u0153ur : la structure. Le bois n\u2019est pas seulement un mat\u00e9riau : c\u2019est la garantie d\u2019une stabilit\u00e9 qui dure des ann\u00e9es. L\u00e0 o\u00f9 une r\u00e9sistance absolue est n\u00e9cessaire, le m\u00e9tal intervient, comme l\u2019acier \u00e0 haute r\u00e9sistance pour les m\u00e9canismes et les supports.<\/p>\n\t\t\t\t\t\t\t\t<\/div>\n\t\t\t\t<\/div>\n\t\t<div class=\"elementor-element elementor-element-15f4f21 e-con-full e-flex e-con e-child\" data-id=\"15f4f21\" data-element_type=\"container\" data-e-type=\"container\">\n\t\t\t\t<div class=\"elementor-element elementor-element-9119a6e elementor-widget elementor-widget-button\" data-id=\"9119a6e\" data-element_type=\"widget\" data-e-type=\"widget\" data-widget_type=\"button.default\">\n\t\t\t\t\t\t\t\t\t\t<a class=\"elementor-button elementor-button-link elementor-size-sm\" href=\"https:\/\/maxdivani.it\/fr\/finitions\/\" target=\"_blank\">\n\t\t\t\t\t\t<span class=\"elementor-button-content-wrapper\">\n\t\t\t\t\t\t\t\t\t<span class=\"elementor-button-text\">aller aux finitions<\/span>\n\t\t\t\t\t<\/span>\n\t\t\t\t\t<\/a>\n\t\t\t\t\t\t\t\t<\/div>\n\t\t\t\t<\/div>\n\t\t\t\t\t<\/div>\n\t\t\t\t<\/div>\n\t\t<div class=\"elementor-element elementor-element-b50fc60 e-flex e-con-boxed e-con e-child\" data-id=\"b50fc60\" data-element_type=\"container\" data-e-type=\"container\">\n\t\t\t\t\t<div class=\"e-con-inner\">\n\t\t<div class=\"elementor-element elementor-element-9bd4e1a e-con-full e-flex e-con e-child\" data-id=\"9bd4e1a\" data-element_type=\"container\" data-e-type=\"container\" data-settings=\"{&quot;background_background&quot;:&quot;classic&quot;}\">\n\t\t\t\t<\/div>\n\t\t<div class=\"elementor-element elementor-element-8cfc8ab e-con-full e-flex e-con e-child\" data-id=\"8cfc8ab\" data-element_type=\"container\" data-e-type=\"container\">\n\t\t\t\t<div class=\"elementor-element elementor-element-f2ce143 elementor-widget elementor-widget-image\" data-id=\"f2ce143\" data-element_type=\"widget\" data-e-type=\"widget\" data-widget_type=\"image.default\">\n\t\t\t\t\t\t\t\t\t\t\t\t\t\t\t<img decoding=\"async\" width=\"1200\" height=\"800\" src=\"https:\/\/maxdivani.it\/wp-content\/uploads\/2026\/04\/materiali-1200-02.webp\" class=\"attachment-full size-full wp-image-6376\" alt=\"\" srcset=\"https:\/\/maxdivani.it\/wp-content\/uploads\/2026\/04\/materiali-1200-02.webp 1200w, https:\/\/maxdivani.it\/wp-content\/uploads\/2026\/04\/materiali-1200-02-300x200.webp 300w, https:\/\/maxdivani.it\/wp-content\/uploads\/2026\/04\/materiali-1200-02-1024x683.webp 1024w, https:\/\/maxdivani.it\/wp-content\/uploads\/2026\/04\/materiali-1200-02-768x512.webp 768w\" sizes=\"(max-width: 1200px) 100vw, 1200px\" \/>\t\t\t\t\t\t\t\t\t\t\t\t\t\t\t<\/div>\n\t\t\t\t<\/div>\n\t\t\t\t\t<\/div>\n\t\t\t\t<\/div>\n\t\t\t\t<\/div>\n\t\t","protected":false},"excerpt":{"rendered":"<p>Rev\u00eatements et finitions La qualit\u00e9 d\u2019un canap\u00e9 ou d\u2019un fauteuil n\u2019est pas un d\u00e9tail : c\u2019est l\u2019essence m\u00eame de l\u2019objet.C\u2019est ce qui transforme un simple meuble en compagnon de vie, capable de r\u00e9sister au temps, aux habitudes et aux gestes du quotidien. C\u2019est pourquoi nous s\u00e9lectionnons uniquement des mat\u00e9riaux qui garantissent confort, beaut\u00e9 et durabilit\u00e9, [&hellip;]<\/p>\n","protected":false},"author":1,"featured_media":0,"parent":0,"menu_order":0,"comment_status":"closed","ping_status":"closed","template":"","meta":{"_acf_changed":false,"footnotes":""},"class_list":["post-6403","page","type-page","status-publish","hentry"],"acf":[],"yoast_head":"<!-- This site is optimized with the Yoast SEO plugin v27.4 - https:\/\/yoast.com\/product\/yoast-seo-wordpress\/ -->\n<title>Materiaux - MAX DIVANI<\/title>\n<meta name=\"robots\" content=\"index, follow, max-snippet:-1, max-image-preview:large, max-video-preview:-1\" \/>\n<link rel=\"canonical\" href=\"https:\/\/maxdivani.it\/fr\/materiaux\/\" \/>\n<meta property=\"og:locale\" content=\"fr_FR\" \/>\n<meta property=\"og:type\" content=\"article\" \/>\n<meta property=\"og:title\" content=\"Materiaux - MAX DIVANI\" \/>\n<meta property=\"og:description\" content=\"Rev\u00eatements et finitions La qualit\u00e9 d\u2019un canap\u00e9 ou d\u2019un fauteuil n\u2019est pas un d\u00e9tail : c\u2019est l\u2019essence m\u00eame de l\u2019objet.C\u2019est ce qui transforme un simple meuble en compagnon de vie, capable de r\u00e9sister au temps, aux habitudes et aux gestes du quotidien. C\u2019est pourquoi nous s\u00e9lectionnons uniquement des mat\u00e9riaux qui garantissent confort, beaut\u00e9 et durabilit\u00e9, [&hellip;]\" \/>\n<meta property=\"og:url\" content=\"https:\/\/maxdivani.it\/fr\/materiaux\/\" \/>\n<meta property=\"og:site_name\" content=\"MAX DIVANI\" \/>\n<meta property=\"article:modified_time\" content=\"2026-04-13T10:23:44+00:00\" \/>\n<meta property=\"og:image\" content=\"https:\/\/maxdivani.it\/wp-content\/uploads\/2026\/04\/materiali-1920x850-hero.webp\" \/>\n\t<meta property=\"og:image:width\" content=\"1920\" \/>\n\t<meta property=\"og:image:height\" content=\"850\" \/>\n\t<meta property=\"og:image:type\" content=\"image\/webp\" \/>\n<meta name=\"twitter:card\" content=\"summary_large_image\" \/>\n<meta name=\"twitter:label1\" content=\"Dur\u00e9e de lecture estim\u00e9e\" \/>\n\t<meta name=\"twitter:data1\" content=\"1 minute\" \/>\n<script type=\"application\/ld+json\" class=\"yoast-schema-graph\">{\"@context\":\"https:\\\/\\\/schema.org\",\"@graph\":[{\"@type\":\"WebPage\",\"@id\":\"https:\\\/\\\/maxdivani.it\\\/fr\\\/materiaux\\\/\",\"url\":\"https:\\\/\\\/maxdivani.it\\\/fr\\\/materiaux\\\/\",\"name\":\"Materiaux - MAX DIVANI\",\"isPartOf\":{\"@id\":\"https:\\\/\\\/maxdivani.it\\\/#website\"},\"primaryImageOfPage\":{\"@id\":\"https:\\\/\\\/maxdivani.it\\\/fr\\\/materiaux\\\/#primaryimage\"},\"image\":{\"@id\":\"https:\\\/\\\/maxdivani.it\\\/fr\\\/materiaux\\\/#primaryimage\"},\"thumbnailUrl\":\"https:\\\/\\\/maxdivani.it\\\/wp-content\\\/uploads\\\/2026\\\/04\\\/materiali-1920x850-hero.webp\",\"datePublished\":\"2026-02-18T12:08:08+00:00\",\"dateModified\":\"2026-04-13T10:23:44+00:00\",\"breadcrumb\":{\"@id\":\"https:\\\/\\\/maxdivani.it\\\/fr\\\/materiaux\\\/#breadcrumb\"},\"inLanguage\":\"fr-FR\",\"potentialAction\":[{\"@type\":\"ReadAction\",\"target\":[\"https:\\\/\\\/maxdivani.it\\\/fr\\\/materiaux\\\/\"]}]},{\"@type\":\"ImageObject\",\"inLanguage\":\"fr-FR\",\"@id\":\"https:\\\/\\\/maxdivani.it\\\/fr\\\/materiaux\\\/#primaryimage\",\"url\":\"https:\\\/\\\/maxdivani.it\\\/wp-content\\\/uploads\\\/2026\\\/04\\\/materiali-1920x850-hero.webp\",\"contentUrl\":\"https:\\\/\\\/maxdivani.it\\\/wp-content\\\/uploads\\\/2026\\\/04\\\/materiali-1920x850-hero.webp\"},{\"@type\":\"BreadcrumbList\",\"@id\":\"https:\\\/\\\/maxdivani.it\\\/fr\\\/materiaux\\\/#breadcrumb\",\"itemListElement\":[{\"@type\":\"ListItem\",\"position\":1,\"name\":\"Home\",\"item\":\"https:\\\/\\\/maxdivani.it\\\/fr\\\/\"},{\"@type\":\"ListItem\",\"position\":2,\"name\":\"Materiaux\"}]},{\"@type\":\"WebSite\",\"@id\":\"https:\\\/\\\/maxdivani.it\\\/#website\",\"url\":\"https:\\\/\\\/maxdivani.it\\\/\",\"name\":\"MAX DIVANI\",\"description\":\"100% MADE IN ITALY\",\"publisher\":{\"@id\":\"https:\\\/\\\/maxdivani.it\\\/#organization\"},\"potentialAction\":[{\"@type\":\"SearchAction\",\"target\":{\"@type\":\"EntryPoint\",\"urlTemplate\":\"https:\\\/\\\/maxdivani.it\\\/?s={search_term_string}\"},\"query-input\":{\"@type\":\"PropertyValueSpecification\",\"valueRequired\":true,\"valueName\":\"search_term_string\"}}],\"inLanguage\":\"fr-FR\"},{\"@type\":\"Organization\",\"@id\":\"https:\\\/\\\/maxdivani.it\\\/#organization\",\"name\":\"MAX DIVANI\",\"url\":\"https:\\\/\\\/maxdivani.it\\\/\",\"logo\":{\"@type\":\"ImageObject\",\"inLanguage\":\"fr-FR\",\"@id\":\"https:\\\/\\\/maxdivani.it\\\/#\\\/schema\\\/logo\\\/image\\\/\",\"url\":\"https:\\\/\\\/maxdivani.it\\\/wp-content\\\/uploads\\\/2026\\\/02\\\/logo_maxdivani.svg\",\"contentUrl\":\"https:\\\/\\\/maxdivani.it\\\/wp-content\\\/uploads\\\/2026\\\/02\\\/logo_maxdivani.svg\",\"width\":566,\"height\":141,\"caption\":\"MAX DIVANI\"},\"image\":{\"@id\":\"https:\\\/\\\/maxdivani.it\\\/#\\\/schema\\\/logo\\\/image\\\/\"}}]}<\/script>\n<!-- \/ Yoast SEO plugin. -->","yoast_head_json":{"title":"Materiaux - MAX DIVANI","robots":{"index":"index","follow":"follow","max-snippet":"max-snippet:-1","max-image-preview":"max-image-preview:large","max-video-preview":"max-video-preview:-1"},"canonical":"https:\/\/maxdivani.it\/fr\/materiaux\/","og_locale":"fr_FR","og_type":"article","og_title":"Materiaux - MAX DIVANI","og_description":"Rev\u00eatements et finitions La qualit\u00e9 d\u2019un canap\u00e9 ou d\u2019un fauteuil n\u2019est pas un d\u00e9tail : c\u2019est l\u2019essence m\u00eame de l\u2019objet.C\u2019est ce qui transforme un simple meuble en compagnon de vie, capable de r\u00e9sister au temps, aux habitudes et aux gestes du quotidien. C\u2019est pourquoi nous s\u00e9lectionnons uniquement des mat\u00e9riaux qui garantissent confort, beaut\u00e9 et durabilit\u00e9, [&hellip;]","og_url":"https:\/\/maxdivani.it\/fr\/materiaux\/","og_site_name":"MAX DIVANI","article_modified_time":"2026-04-13T10:23:44+00:00","og_image":[{"width":1920,"height":850,"url":"https:\/\/maxdivani.it\/wp-content\/uploads\/2026\/04\/materiali-1920x850-hero.webp","type":"image\/webp"}],"twitter_card":"summary_large_image","twitter_misc":{"Dur\u00e9e de lecture estim\u00e9e":"1 minute"},"schema":{"@context":"https:\/\/schema.org","@graph":[{"@type":"WebPage","@id":"https:\/\/maxdivani.it\/fr\/materiaux\/","url":"https:\/\/maxdivani.it\/fr\/materiaux\/","name":"Materiaux - MAX DIVANI","isPartOf":{"@id":"https:\/\/maxdivani.it\/#website"},"primaryImageOfPage":{"@id":"https:\/\/maxdivani.it\/fr\/materiaux\/#primaryimage"},"image":{"@id":"https:\/\/maxdivani.it\/fr\/materiaux\/#primaryimage"},"thumbnailUrl":"https:\/\/maxdivani.it\/wp-content\/uploads\/2026\/04\/materiali-1920x850-hero.webp","datePublished":"2026-02-18T12:08:08+00:00","dateModified":"2026-04-13T10:23:44+00:00","breadcrumb":{"@id":"https:\/\/maxdivani.it\/fr\/materiaux\/#breadcrumb"},"inLanguage":"fr-FR","potentialAction":[{"@type":"ReadAction","target":["https:\/\/maxdivani.it\/fr\/materiaux\/"]}]},{"@type":"ImageObject","inLanguage":"fr-FR","@id":"https:\/\/maxdivani.it\/fr\/materiaux\/#primaryimage","url":"https:\/\/maxdivani.it\/wp-content\/uploads\/2026\/04\/materiali-1920x850-hero.webp","contentUrl":"https:\/\/maxdivani.it\/wp-content\/uploads\/2026\/04\/materiali-1920x850-hero.webp"},{"@type":"BreadcrumbList","@id":"https:\/\/maxdivani.it\/fr\/materiaux\/#breadcrumb","itemListElement":[{"@type":"ListItem","position":1,"name":"Home","item":"https:\/\/maxdivani.it\/fr\/"},{"@type":"ListItem","position":2,"name":"Materiaux"}]},{"@type":"WebSite","@id":"https:\/\/maxdivani.it\/#website","url":"https:\/\/maxdivani.it\/","name":"MAX DIVANI","description":"100% MADE IN ITALY","publisher":{"@id":"https:\/\/maxdivani.it\/#organization"},"potentialAction":[{"@type":"SearchAction","target":{"@type":"EntryPoint","urlTemplate":"https:\/\/maxdivani.it\/?s={search_term_string}"},"query-input":{"@type":"PropertyValueSpecification","valueRequired":true,"valueName":"search_term_string"}}],"inLanguage":"fr-FR"},{"@type":"Organization","@id":"https:\/\/maxdivani.it\/#organization","name":"MAX DIVANI","url":"https:\/\/maxdivani.it\/","logo":{"@type":"ImageObject","inLanguage":"fr-FR","@id":"https:\/\/maxdivani.it\/#\/schema\/logo\/image\/","url":"https:\/\/maxdivani.it\/wp-content\/uploads\/2026\/02\/logo_maxdivani.svg","contentUrl":"https:\/\/maxdivani.it\/wp-content\/uploads\/2026\/02\/logo_maxdivani.svg","width":566,"height":141,"caption":"MAX DIVANI"},"image":{"@id":"https:\/\/maxdivani.it\/#\/schema\/logo\/image\/"}}]}},"_links":{"self":[{"href":"https:\/\/maxdivani.it\/fr\/wp-json\/wp\/v2\/pages\/6403","targetHints":{"allow":["GET"]}}],"collection":[{"href":"https:\/\/maxdivani.it\/fr\/wp-json\/wp\/v2\/pages"}],"about":[{"href":"https:\/\/maxdivani.it\/fr\/wp-json\/wp\/v2\/types\/page"}],"author":[{"embeddable":true,"href":"https:\/\/maxdivani.it\/fr\/wp-json\/wp\/v2\/users\/1"}],"replies":[{"embeddable":true,"href":"https:\/\/maxdivani.it\/fr\/wp-json\/wp\/v2\/comments?post=6403"}],"version-history":[{"count":1,"href":"https:\/\/maxdivani.it\/fr\/wp-json\/wp\/v2\/pages\/6403\/revisions"}],"predecessor-version":[{"id":6407,"href":"https:\/\/maxdivani.it\/fr\/wp-json\/wp\/v2\/pages\/6403\/revisions\/6407"}],"wp:attachment":[{"href":"https:\/\/maxdivani.it\/fr\/wp-json\/wp\/v2\/media?parent=6403"}],"curies":[{"name":"wp","href":"https:\/\/api.w.org\/{rel}","templated":true}]}}