{"id":6295,"date":"2026-03-10T08:09:21","date_gmt":"2026-03-10T08:09:21","guid":{"rendered":"https:\/\/maxdivani.it\/sartoris\/"},"modified":"2026-04-13T09:33:55","modified_gmt":"2026-04-13T09:33:55","slug":"sartoris","status":"publish","type":"page","link":"https:\/\/maxdivani.it\/fr\/sartoris\/","title":{"rendered":"Sartoris"},"content":{"rendered":"\t\t<div data-elementor-type=\"wp-page\" data-elementor-id=\"6295\" class=\"elementor elementor-6295 elementor-1830\" data-elementor-post-type=\"page\">\n\t\t\t\t<div class=\"elementor-element elementor-element-ac77eb3 e-con-full e-flex e-con e-parent\" data-id=\"ac77eb3\" data-element_type=\"container\" data-e-type=\"container\">\n\t\t\t\t<div class=\"elementor-element elementor-element-d672b67 elementor-widget elementor-widget-image\" data-id=\"d672b67\" data-element_type=\"widget\" data-e-type=\"widget\" data-widget_type=\"image.default\">\n\t\t\t\t\t\t\t\t\t\t\t\t\t\t\t<img fetchpriority=\"high\" decoding=\"async\" width=\"1920\" height=\"850\" src=\"https:\/\/maxdivani.it\/wp-content\/uploads\/2026\/03\/sartoris-page.webp\" class=\"attachment-full size-full wp-image-4118\" alt=\"\" srcset=\"https:\/\/maxdivani.it\/wp-content\/uploads\/2026\/03\/sartoris-page.webp 1920w, https:\/\/maxdivani.it\/wp-content\/uploads\/2026\/03\/sartoris-page-300x133.webp 300w, https:\/\/maxdivani.it\/wp-content\/uploads\/2026\/03\/sartoris-page-1024x453.webp 1024w, https:\/\/maxdivani.it\/wp-content\/uploads\/2026\/03\/sartoris-page-768x340.webp 768w, https:\/\/maxdivani.it\/wp-content\/uploads\/2026\/03\/sartoris-page-1536x680.webp 1536w\" sizes=\"(max-width: 1920px) 100vw, 1920px\" \/>\t\t\t\t\t\t\t\t\t\t\t\t\t\t\t<\/div>\n\t\t\t\t<\/div>\n\t\t<div class=\"elementor-element elementor-element-e5e6d8e e-flex e-con-boxed e-con e-parent\" data-id=\"e5e6d8e\" data-element_type=\"container\" data-e-type=\"container\">\n\t\t\t\t\t<div class=\"e-con-inner\">\n\t\t\t\t<div class=\"elementor-element elementor-element-de59ccd elementor-widget elementor-widget-text-editor\" data-id=\"de59ccd\" data-element_type=\"widget\" data-e-type=\"widget\" data-widget_type=\"text-editor.default\">\n\t\t\t\t\t\t\t\t\t<div>REPENSER LE CANAP\u00c9-LIT<\/div>\n\t\t\t\t\t\t\t\t<\/div>\n\t\t<div class=\"elementor-element elementor-element-c2a74f6 e-con-full e-flex e-con e-child\" data-id=\"c2a74f6\" data-element_type=\"container\" data-e-type=\"container\">\n\t\t<div class=\"elementor-element elementor-element-ca53654 e-con-full e-flex e-con e-child\" data-id=\"ca53654\" data-element_type=\"container\" data-e-type=\"container\">\n\t\t\t\t<div class=\"elementor-element elementor-element-246499b elementor-widget elementor-widget-heading\" data-id=\"246499b\" data-element_type=\"widget\" data-e-type=\"widget\" data-widget_type=\"heading.default\">\n\t\t\t\t\t<h4 class=\"elementor-heading-title elementor-size-default\">Sartoris<\/h4>\t\t\t\t<\/div>\n\t\t\t\t<\/div>\n\t\t<div class=\"elementor-element elementor-element-9bb1e20 e-con-full e-flex e-con e-child\" data-id=\"9bb1e20\" data-element_type=\"container\" data-e-type=\"container\">\n\t\t\t\t<div class=\"elementor-element elementor-element-960f317 elementor-widget elementor-widget-image\" data-id=\"960f317\" data-element_type=\"widget\" data-e-type=\"widget\" data-widget_type=\"image.default\">\n\t\t\t\t\t\t\t\t\t\t\t\t\t\t\t\t<a href=\"https:\/\/www.sartorisitalia.it\/fr\/\" target=\"_blank\">\n\t\t\t\t\t\t\t<img decoding=\"async\" width=\"765\" height=\"255\" src=\"https:\/\/maxdivani.it\/wp-content\/uploads\/2026\/02\/logo-sartoris-by-max-colore-1-1.svg\" class=\"attachment-full size-full wp-image-764\" alt=\"\" \/>\t\t\t\t\t\t\t\t<\/a>\n\t\t\t\t\t\t\t\t\t\t\t\t\t\t\t<\/div>\n\t\t\t\t<div class=\"elementor-element elementor-element-3d2880d elementor-widget elementor-widget-text-editor\" data-id=\"3d2880d\" data-element_type=\"widget\" data-e-type=\"widget\" data-widget_type=\"text-editor.default\">\n\t\t\t\t\t\t\t\t\t<p><a href=\"http:\/\/sartorisitalia.it\/fr\/\" target=\"_blank\" rel=\"noopener\">sartorisitalia.it<\/a><\/p>\n\t\t\t\t\t\t\t\t<\/div>\n\t\t\t\t<\/div>\n\t\t\t\t<\/div>\n\t\t\t\t<div class=\"elementor-element elementor-element-7836bf3 elementor-widget elementor-widget-text-editor\" data-id=\"7836bf3\" data-element_type=\"widget\" data-e-type=\"widget\" data-widget_type=\"text-editor.default\">\n\t\t\t\t\t\t\t\t\t<p>N\u00e9e de l&#8217;exp\u00e9rience de Max Divani, Sartoris h\u00e9rite de son savoir-faire artisanal et l&#8217;applique \u00e0 une vision contemporaine du canap\u00e9-lit.<br \/>La marque propose des canap\u00e9s-lits design alliant confort et fonctionnalit\u00e9 dans des mod\u00e8les personnalisables, con\u00e7us et fabriqu\u00e9s int\u00e9gralement en Italie.<\/p>\n\t\t\t\t\t\t\t\t<\/div>\n\t\t\t\t\t<\/div>\n\t\t\t\t<\/div>\n\t\t<div class=\"elementor-element elementor-element-4c257f00 e-flex e-con-boxed e-con e-parent\" data-id=\"4c257f00\" data-element_type=\"container\" data-e-type=\"container\">\n\t\t\t\t\t<div class=\"e-con-inner\">\n\t\t<div class=\"elementor-element elementor-element-6437c9e1 e-flex e-con-boxed e-con e-child\" data-id=\"6437c9e1\" data-element_type=\"container\" data-e-type=\"container\">\n\t\t\t\t\t<div class=\"e-con-inner\">\n\t\t\t\t<div class=\"elementor-element elementor-element-57a1fc8 elementor-widget elementor-widget-image-carousel\" data-id=\"57a1fc8\" data-element_type=\"widget\" data-e-type=\"widget\" data-settings=\"{&quot;slides_to_show&quot;:&quot;1&quot;,&quot;navigation&quot;:&quot;none&quot;,&quot;lazyload&quot;:&quot;yes&quot;,&quot;autoplay_speed&quot;:2000,&quot;autoplay&quot;:&quot;yes&quot;,&quot;pause_on_hover&quot;:&quot;yes&quot;,&quot;pause_on_interaction&quot;:&quot;yes&quot;,&quot;infinite&quot;:&quot;yes&quot;,&quot;effect&quot;:&quot;slide&quot;,&quot;speed&quot;:500}\" data-widget_type=\"image-carousel.default\">\n\t\t\t\t\t\t\t<div class=\"elementor-image-carousel-wrapper swiper\" role=\"region\" aria-roledescription=\"carousel\" aria-label=\"Carosello d&#039;immagini\" dir=\"ltr\">\n\t\t\t<div class=\"elementor-image-carousel swiper-wrapper swiper-image-stretch\" aria-live=\"off\">\n\t\t\t\t\t\t\t\t<div class=\"swiper-slide\" role=\"group\" aria-roledescription=\"slide\" aria-label=\"1 di 2\"><figure class=\"swiper-slide-inner\"><img class=\"swiper-slide-image swiper-lazy\" data-src=\"https:\/\/maxdivani.it\/wp-content\/uploads\/2026\/03\/foto_sartoris2.webp\" alt=\"foto_sartoris2\" \/><div class=\"swiper-lazy-preloader\"><\/div><\/figure><\/div><div class=\"swiper-slide\" role=\"group\" aria-roledescription=\"slide\" aria-label=\"2 di 2\"><figure class=\"swiper-slide-inner\"><img class=\"swiper-slide-image swiper-lazy\" data-src=\"https:\/\/maxdivani.it\/wp-content\/uploads\/2026\/03\/foto_sartoris1.webp\" alt=\"foto_sartoris1\" \/><div class=\"swiper-lazy-preloader\"><\/div><\/figure><\/div>\t\t\t<\/div>\n\t\t\t\t\t\t\t\n\t\t\t\t\t\t\t\t\t<\/div>\n\t\t\t\t\t\t<\/div>\n\t\t<div class=\"elementor-element elementor-element-19ef66ef e-con-full e-flex e-con e-child\" data-id=\"19ef66ef\" data-element_type=\"container\" data-e-type=\"container\">\n\t\t<div class=\"elementor-element elementor-element-570ce12 e-con-full e-flex e-con e-child\" data-id=\"570ce12\" data-element_type=\"container\" data-e-type=\"container\">\n\t\t\t\t<div class=\"elementor-element elementor-element-aade8be elementor-widget__width-initial elementor-widget-mobile__width-inherit animated-fast elementor-invisible elementor-widget elementor-widget-heading\" data-id=\"aade8be\" data-element_type=\"widget\" data-e-type=\"widget\" data-settings=\"{&quot;_animation&quot;:&quot;fadeIn&quot;,&quot;_animation_delay&quot;:750}\" data-widget_type=\"heading.default\">\n\t\t\t\t\t<h1 class=\"elementor-heading-title elementor-size-default\">Formes qui habitent l\u2019espace<\/h1>\t\t\t\t<\/div>\n\t\t\t\t<\/div>\n\t\t<div class=\"elementor-element elementor-element-19f593df e-con-full e-flex e-con e-child\" data-id=\"19f593df\" data-element_type=\"container\" data-e-type=\"container\">\n\t\t<div class=\"elementor-element elementor-element-1f120c1 e-con-full e-flex e-con e-child\" data-id=\"1f120c1\" data-element_type=\"container\" data-e-type=\"container\">\n\t\t<div class=\"elementor-element elementor-element-37a6f43 e-con-full e-flex e-con e-child\" data-id=\"37a6f43\" data-element_type=\"container\" data-e-type=\"container\">\n\t\t\t\t<div class=\"elementor-element elementor-element-124f484f animated-fast elementor-invisible elementor-widget elementor-widget-text-editor\" data-id=\"124f484f\" data-element_type=\"widget\" data-e-type=\"widget\" data-settings=\"{&quot;_animation&quot;:&quot;fadeIn&quot;,&quot;_animation_delay&quot;:1000}\" data-widget_type=\"text-editor.default\">\n\t\t\t\t\t\t\t\t\t<p>Lignes \u00e9pur\u00e9es, proportions harmonieuses, m\u00e9canismes invisibles.<\/p>\n<p>Chaque produit <strong>Sartoris<\/strong> interpr\u00e8te diff\u00e9rents modes de vie, selon un principe unique : int\u00e9grer la fonction sans compromis esth\u00e9tique.<\/p>\n\t\t\t\t\t\t\t\t<\/div>\n\t\t\t\t<\/div>\n\t\t<div class=\"elementor-element elementor-element-ec1ea97 e-con-full e-flex e-con e-child\" data-id=\"ec1ea97\" data-element_type=\"container\" data-e-type=\"container\">\n\t\t\t\t<div class=\"elementor-element elementor-element-e299eef animated-fast elementor-invisible elementor-widget elementor-widget-text-editor\" data-id=\"e299eef\" data-element_type=\"widget\" data-e-type=\"widget\" data-settings=\"{&quot;_animation&quot;:&quot;fadeIn&quot;,&quot;_animation_delay&quot;:1000}\" data-widget_type=\"text-editor.default\">\n\t\t\t\t\t\t\t\t\t<p>Tissus s\u00e9lectionn\u00e9s, cuirs fins fabriqu\u00e9s en Italie et syst\u00e8mes de couchage int\u00e9gr\u00e9s. Mat\u00e9riaux et solutions con\u00e7us pour un confort durable dans le temps.<\/p>\n<p>Solutions intelligentes, \u00e9quilibre de conception.<br \/>Confort et transformabilit\u00e9 dans une forme essentielle.<\/p>\n\t\t\t\t\t\t\t\t<\/div>\n\t\t\t\t<\/div>\n\t\t\t\t<\/div>\n\t\t\t\t<div class=\"elementor-element elementor-element-bbf5528 elementor-widget elementor-widget-button\" data-id=\"bbf5528\" data-element_type=\"widget\" data-e-type=\"widget\" data-widget_type=\"button.default\">\n\t\t\t\t\t\t\t\t\t\t<a class=\"elementor-button elementor-button-link elementor-size-sm\" href=\"http:\/\/sartorisitalia.it\/fr\/\" target=\"_blank\">\n\t\t\t\t\t\t<span class=\"elementor-button-content-wrapper\">\n\t\t\t\t\t\t\t\t\t<span class=\"elementor-button-text\">VISITEZ NOTRE SITE<\/span>\n\t\t\t\t\t<\/span>\n\t\t\t\t\t<\/a>\n\t\t\t\t\t\t\t\t<\/div>\n\t\t\t\t<\/div>\n\t\t\t\t<\/div>\n\t\t\t\t\t<\/div>\n\t\t\t\t<\/div>\n\t\t\t\t\t<\/div>\n\t\t\t\t<\/div>\n\t\t<div class=\"elementor-element elementor-element-36335d0b e-flex e-con-boxed e-con e-parent\" data-id=\"36335d0b\" data-element_type=\"container\" data-e-type=\"container\" data-settings=\"{&quot;background_background&quot;:&quot;classic&quot;}\">\n\t\t\t\t\t<div class=\"e-con-inner\">\n\t\t<div class=\"elementor-element elementor-element-8f680b9 e-con-full e-flex e-con e-child\" data-id=\"8f680b9\" data-element_type=\"container\" data-e-type=\"container\">\n\t\t<div class=\"elementor-element elementor-element-62b8ffd1 e-con-full animated-fast e-flex elementor-invisible e-con e-child\" data-id=\"62b8ffd1\" data-element_type=\"container\" data-e-type=\"container\" data-settings=\"{&quot;background_background&quot;:&quot;classic&quot;,&quot;animation&quot;:&quot;fadeIn&quot;,&quot;animation_delay&quot;:500}\">\n\t\t\t\t<div class=\"elementor-element elementor-element-4f02450d elementor-widget elementor-widget-heading\" data-id=\"4f02450d\" data-element_type=\"widget\" data-e-type=\"widget\" data-widget_type=\"heading.default\">\n\t\t\t\t\t<p class=\"elementor-heading-title elementor-size-default\">Construire de la valeur, ensemble<\/p>\t\t\t\t<\/div>\n\t\t\t\t<div class=\"elementor-element elementor-element-33d5ab35 elementor-widget-tablet__width-initial elementor-widget-mobile__width-inherit elementor-widget elementor-widget-heading\" data-id=\"33d5ab35\" data-element_type=\"widget\" data-e-type=\"widget\" data-widget_type=\"heading.default\">\n\t\t\t\t\t<h4 class=\"elementor-heading-title elementor-size-default\">Solutions intelligentes, \u00e9quilibre du design<\/h4>\t\t\t\t<\/div>\n\t\t\t\t<div class=\"elementor-element elementor-element-6fe785d6 elementor-widget elementor-widget-text-editor\" data-id=\"6fe785d6\" data-element_type=\"widget\" data-e-type=\"widget\" data-widget_type=\"text-editor.default\">\n\t\t\t\t\t\t\t\t\t<p>On cr\u00e9e des partenariats fond\u00e9s sur une vision partag\u00e9e et une exigence de qualit\u00e9 en mati\u00e8re de design. <br \/>Sartoris collabore avec les distributeurs et les professionnels du mobilier et de l&#8217;h\u00f4tellerie, en leur proposant des solutions con\u00e7ues pour s&#8217;int\u00e9grer harmonieusement \u00e0 leurs projets.<\/p>\n\t\t\t\t\t\t\t\t<\/div>\n\t\t\t\t<div class=\"elementor-element elementor-element-3890093c elementor-widget elementor-widget-text-editor\" data-id=\"3890093c\" data-element_type=\"widget\" data-e-type=\"widget\" data-widget_type=\"text-editor.default\">\n\t\t\t\t\t\t\t\t\t<p>D\u00e9couvrez notre conception du canap\u00e9-lit.<\/p>\n\t\t\t\t\t\t\t\t<\/div>\n\t\t\t\t<div class=\"elementor-element elementor-element-346ec578 elementor-widget elementor-widget-button\" data-id=\"346ec578\" data-element_type=\"widget\" data-e-type=\"widget\" data-widget_type=\"button.default\">\n\t\t\t\t\t\t\t\t\t\t<a class=\"elementor-button elementor-button-link elementor-size-sm\" href=\"http:\/\/sartorisitalia.it\/fr\/\" target=\"_blank\">\n\t\t\t\t\t\t<span class=\"elementor-button-content-wrapper\">\n\t\t\t\t\t\t\t\t\t<span class=\"elementor-button-text\">VISITEZ NOTRE SITE<\/span>\n\t\t\t\t\t<\/span>\n\t\t\t\t\t<\/a>\n\t\t\t\t\t\t\t\t<\/div>\n\t\t\t\t<\/div>\n\t\t<div class=\"elementor-element elementor-element-c51084b e-con-full animated-fast e-flex elementor-invisible e-con e-child\" data-id=\"c51084b\" data-element_type=\"container\" data-e-type=\"container\" data-settings=\"{&quot;background_background&quot;:&quot;video&quot;,&quot;animation&quot;:&quot;fadeIn&quot;,&quot;animation_delay&quot;:750,&quot;background_video_link&quot;:&quot;https:\\\/\\\/maxdivani.it\\\/wp-content\\\/uploads\\\/2026\\\/03\\\/Sartoris-video-render.mp4&quot;}\">\n\t\t<div class=\"elementor-background-video-container elementor-hidden-mobile\">\n\t\t\t\t\t\t\t<video class=\"elementor-background-video-hosted\" role=\"presentation\" autoplay muted playsinline loop><\/video>\n\t\t\t\t\t<\/div>\t\t<\/div>\n\t\t\t\t<\/div>\n\t\t\t\t\t<\/div>\n\t\t\t\t<\/div>\n\t\t\t\t<\/div>\n\t\t","protected":false},"excerpt":{"rendered":"<p>REPENSER LE CANAP\u00c9-LIT sartorisitalia.it N\u00e9e de l&#8217;exp\u00e9rience de Max Divani, Sartoris h\u00e9rite de son savoir-faire artisanal et l&#8217;applique \u00e0 une vision contemporaine du canap\u00e9-lit.La marque propose des canap\u00e9s-lits design alliant confort et fonctionnalit\u00e9 dans des mod\u00e8les personnalisables, con\u00e7us et fabriqu\u00e9s int\u00e9gralement en Italie. Formes qui habitent l\u2019espace Lignes \u00e9pur\u00e9es, proportions harmonieuses, m\u00e9canismes invisibles. Chaque produit [&hellip;]<\/p>\n","protected":false},"author":1,"featured_media":0,"parent":0,"menu_order":0,"comment_status":"closed","ping_status":"closed","template":"","meta":{"_acf_changed":false,"footnotes":""},"class_list":["post-6295","page","type-page","status-publish","hentry"],"acf":[],"yoast_head":"<!-- This site is optimized with the Yoast SEO plugin v27.4 - https:\/\/yoast.com\/product\/yoast-seo-wordpress\/ -->\n<title>Sartoris - MAX DIVANI<\/title>\n<meta name=\"robots\" content=\"index, follow, max-snippet:-1, max-image-preview:large, max-video-preview:-1\" \/>\n<link rel=\"canonical\" href=\"https:\/\/maxdivani.it\/fr\/sartoris\/\" \/>\n<meta property=\"og:locale\" content=\"fr_FR\" \/>\n<meta property=\"og:type\" content=\"article\" \/>\n<meta property=\"og:title\" content=\"Sartoris - MAX DIVANI\" \/>\n<meta property=\"og:description\" content=\"REPENSER LE CANAP\u00c9-LIT sartorisitalia.it N\u00e9e de l&#8217;exp\u00e9rience de Max Divani, Sartoris h\u00e9rite de son savoir-faire artisanal et l&#8217;applique \u00e0 une vision contemporaine du canap\u00e9-lit.La marque propose des canap\u00e9s-lits design alliant confort et fonctionnalit\u00e9 dans des mod\u00e8les personnalisables, con\u00e7us et fabriqu\u00e9s int\u00e9gralement en Italie. Formes qui habitent l\u2019espace Lignes \u00e9pur\u00e9es, proportions harmonieuses, m\u00e9canismes invisibles. Chaque produit [&hellip;]\" \/>\n<meta property=\"og:url\" content=\"https:\/\/maxdivani.it\/fr\/sartoris\/\" \/>\n<meta property=\"og:site_name\" content=\"MAX DIVANI\" \/>\n<meta property=\"article:modified_time\" content=\"2026-04-13T09:33:55+00:00\" \/>\n<meta property=\"og:image\" content=\"https:\/\/maxdivani.it\/wp-content\/uploads\/2026\/03\/sartoris-page.webp\" \/>\n\t<meta property=\"og:image:width\" content=\"1920\" \/>\n\t<meta property=\"og:image:height\" content=\"850\" \/>\n\t<meta property=\"og:image:type\" content=\"image\/webp\" \/>\n<meta name=\"twitter:card\" content=\"summary_large_image\" \/>\n<meta name=\"twitter:label1\" content=\"Dur\u00e9e de lecture estim\u00e9e\" \/>\n\t<meta name=\"twitter:data1\" content=\"1 minute\" \/>\n<script type=\"application\/ld+json\" class=\"yoast-schema-graph\">{\"@context\":\"https:\\\/\\\/schema.org\",\"@graph\":[{\"@type\":\"WebPage\",\"@id\":\"https:\\\/\\\/maxdivani.it\\\/fr\\\/sartoris\\\/\",\"url\":\"https:\\\/\\\/maxdivani.it\\\/fr\\\/sartoris\\\/\",\"name\":\"Sartoris - MAX DIVANI\",\"isPartOf\":{\"@id\":\"https:\\\/\\\/maxdivani.it\\\/#website\"},\"primaryImageOfPage\":{\"@id\":\"https:\\\/\\\/maxdivani.it\\\/fr\\\/sartoris\\\/#primaryimage\"},\"image\":{\"@id\":\"https:\\\/\\\/maxdivani.it\\\/fr\\\/sartoris\\\/#primaryimage\"},\"thumbnailUrl\":\"https:\\\/\\\/maxdivani.it\\\/wp-content\\\/uploads\\\/2026\\\/03\\\/sartoris-page.webp\",\"datePublished\":\"2026-03-10T08:09:21+00:00\",\"dateModified\":\"2026-04-13T09:33:55+00:00\",\"breadcrumb\":{\"@id\":\"https:\\\/\\\/maxdivani.it\\\/fr\\\/sartoris\\\/#breadcrumb\"},\"inLanguage\":\"fr-FR\",\"potentialAction\":[{\"@type\":\"ReadAction\",\"target\":[\"https:\\\/\\\/maxdivani.it\\\/fr\\\/sartoris\\\/\"]}]},{\"@type\":\"ImageObject\",\"inLanguage\":\"fr-FR\",\"@id\":\"https:\\\/\\\/maxdivani.it\\\/fr\\\/sartoris\\\/#primaryimage\",\"url\":\"https:\\\/\\\/maxdivani.it\\\/wp-content\\\/uploads\\\/2026\\\/03\\\/sartoris-page.webp\",\"contentUrl\":\"https:\\\/\\\/maxdivani.it\\\/wp-content\\\/uploads\\\/2026\\\/03\\\/sartoris-page.webp\"},{\"@type\":\"BreadcrumbList\",\"@id\":\"https:\\\/\\\/maxdivani.it\\\/fr\\\/sartoris\\\/#breadcrumb\",\"itemListElement\":[{\"@type\":\"ListItem\",\"position\":1,\"name\":\"Home\",\"item\":\"https:\\\/\\\/maxdivani.it\\\/fr\\\/\"},{\"@type\":\"ListItem\",\"position\":2,\"name\":\"Sartoris\"}]},{\"@type\":\"WebSite\",\"@id\":\"https:\\\/\\\/maxdivani.it\\\/#website\",\"url\":\"https:\\\/\\\/maxdivani.it\\\/\",\"name\":\"MAX DIVANI\",\"description\":\"100% MADE IN ITALY\",\"publisher\":{\"@id\":\"https:\\\/\\\/maxdivani.it\\\/#organization\"},\"potentialAction\":[{\"@type\":\"SearchAction\",\"target\":{\"@type\":\"EntryPoint\",\"urlTemplate\":\"https:\\\/\\\/maxdivani.it\\\/?s={search_term_string}\"},\"query-input\":{\"@type\":\"PropertyValueSpecification\",\"valueRequired\":true,\"valueName\":\"search_term_string\"}}],\"inLanguage\":\"fr-FR\"},{\"@type\":\"Organization\",\"@id\":\"https:\\\/\\\/maxdivani.it\\\/#organization\",\"name\":\"MAX DIVANI\",\"url\":\"https:\\\/\\\/maxdivani.it\\\/\",\"logo\":{\"@type\":\"ImageObject\",\"inLanguage\":\"fr-FR\",\"@id\":\"https:\\\/\\\/maxdivani.it\\\/#\\\/schema\\\/logo\\\/image\\\/\",\"url\":\"https:\\\/\\\/maxdivani.it\\\/wp-content\\\/uploads\\\/2026\\\/02\\\/logo_maxdivani.svg\",\"contentUrl\":\"https:\\\/\\\/maxdivani.it\\\/wp-content\\\/uploads\\\/2026\\\/02\\\/logo_maxdivani.svg\",\"width\":566,\"height\":141,\"caption\":\"MAX DIVANI\"},\"image\":{\"@id\":\"https:\\\/\\\/maxdivani.it\\\/#\\\/schema\\\/logo\\\/image\\\/\"}}]}<\/script>\n<!-- \/ Yoast SEO plugin. -->","yoast_head_json":{"title":"Sartoris - MAX DIVANI","robots":{"index":"index","follow":"follow","max-snippet":"max-snippet:-1","max-image-preview":"max-image-preview:large","max-video-preview":"max-video-preview:-1"},"canonical":"https:\/\/maxdivani.it\/fr\/sartoris\/","og_locale":"fr_FR","og_type":"article","og_title":"Sartoris - MAX DIVANI","og_description":"REPENSER LE CANAP\u00c9-LIT sartorisitalia.it N\u00e9e de l&#8217;exp\u00e9rience de Max Divani, Sartoris h\u00e9rite de son savoir-faire artisanal et l&#8217;applique \u00e0 une vision contemporaine du canap\u00e9-lit.La marque propose des canap\u00e9s-lits design alliant confort et fonctionnalit\u00e9 dans des mod\u00e8les personnalisables, con\u00e7us et fabriqu\u00e9s int\u00e9gralement en Italie. Formes qui habitent l\u2019espace Lignes \u00e9pur\u00e9es, proportions harmonieuses, m\u00e9canismes invisibles. Chaque produit [&hellip;]","og_url":"https:\/\/maxdivani.it\/fr\/sartoris\/","og_site_name":"MAX DIVANI","article_modified_time":"2026-04-13T09:33:55+00:00","og_image":[{"width":1920,"height":850,"url":"https:\/\/maxdivani.it\/wp-content\/uploads\/2026\/03\/sartoris-page.webp","type":"image\/webp"}],"twitter_card":"summary_large_image","twitter_misc":{"Dur\u00e9e de lecture estim\u00e9e":"1 minute"},"schema":{"@context":"https:\/\/schema.org","@graph":[{"@type":"WebPage","@id":"https:\/\/maxdivani.it\/fr\/sartoris\/","url":"https:\/\/maxdivani.it\/fr\/sartoris\/","name":"Sartoris - MAX DIVANI","isPartOf":{"@id":"https:\/\/maxdivani.it\/#website"},"primaryImageOfPage":{"@id":"https:\/\/maxdivani.it\/fr\/sartoris\/#primaryimage"},"image":{"@id":"https:\/\/maxdivani.it\/fr\/sartoris\/#primaryimage"},"thumbnailUrl":"https:\/\/maxdivani.it\/wp-content\/uploads\/2026\/03\/sartoris-page.webp","datePublished":"2026-03-10T08:09:21+00:00","dateModified":"2026-04-13T09:33:55+00:00","breadcrumb":{"@id":"https:\/\/maxdivani.it\/fr\/sartoris\/#breadcrumb"},"inLanguage":"fr-FR","potentialAction":[{"@type":"ReadAction","target":["https:\/\/maxdivani.it\/fr\/sartoris\/"]}]},{"@type":"ImageObject","inLanguage":"fr-FR","@id":"https:\/\/maxdivani.it\/fr\/sartoris\/#primaryimage","url":"https:\/\/maxdivani.it\/wp-content\/uploads\/2026\/03\/sartoris-page.webp","contentUrl":"https:\/\/maxdivani.it\/wp-content\/uploads\/2026\/03\/sartoris-page.webp"},{"@type":"BreadcrumbList","@id":"https:\/\/maxdivani.it\/fr\/sartoris\/#breadcrumb","itemListElement":[{"@type":"ListItem","position":1,"name":"Home","item":"https:\/\/maxdivani.it\/fr\/"},{"@type":"ListItem","position":2,"name":"Sartoris"}]},{"@type":"WebSite","@id":"https:\/\/maxdivani.it\/#website","url":"https:\/\/maxdivani.it\/","name":"MAX DIVANI","description":"100% MADE IN ITALY","publisher":{"@id":"https:\/\/maxdivani.it\/#organization"},"potentialAction":[{"@type":"SearchAction","target":{"@type":"EntryPoint","urlTemplate":"https:\/\/maxdivani.it\/?s={search_term_string}"},"query-input":{"@type":"PropertyValueSpecification","valueRequired":true,"valueName":"search_term_string"}}],"inLanguage":"fr-FR"},{"@type":"Organization","@id":"https:\/\/maxdivani.it\/#organization","name":"MAX DIVANI","url":"https:\/\/maxdivani.it\/","logo":{"@type":"ImageObject","inLanguage":"fr-FR","@id":"https:\/\/maxdivani.it\/#\/schema\/logo\/image\/","url":"https:\/\/maxdivani.it\/wp-content\/uploads\/2026\/02\/logo_maxdivani.svg","contentUrl":"https:\/\/maxdivani.it\/wp-content\/uploads\/2026\/02\/logo_maxdivani.svg","width":566,"height":141,"caption":"MAX DIVANI"},"image":{"@id":"https:\/\/maxdivani.it\/#\/schema\/logo\/image\/"}}]}},"_links":{"self":[{"href":"https:\/\/maxdivani.it\/fr\/wp-json\/wp\/v2\/pages\/6295","targetHints":{"allow":["GET"]}}],"collection":[{"href":"https:\/\/maxdivani.it\/fr\/wp-json\/wp\/v2\/pages"}],"about":[{"href":"https:\/\/maxdivani.it\/fr\/wp-json\/wp\/v2\/types\/page"}],"author":[{"embeddable":true,"href":"https:\/\/maxdivani.it\/fr\/wp-json\/wp\/v2\/users\/1"}],"replies":[{"embeddable":true,"href":"https:\/\/maxdivani.it\/fr\/wp-json\/wp\/v2\/comments?post=6295"}],"version-history":[{"count":1,"href":"https:\/\/maxdivani.it\/fr\/wp-json\/wp\/v2\/pages\/6295\/revisions"}],"predecessor-version":[{"id":6298,"href":"https:\/\/maxdivani.it\/fr\/wp-json\/wp\/v2\/pages\/6295\/revisions\/6298"}],"wp:attachment":[{"href":"https:\/\/maxdivani.it\/fr\/wp-json\/wp\/v2\/media?parent=6295"}],"curies":[{"name":"wp","href":"https:\/\/api.w.org\/{rel}","templated":true}]}}