{"id":6282,"date":"2026-03-10T10:59:03","date_gmt":"2026-03-10T10:59:03","guid":{"rendered":"https:\/\/maxdivani.it\/actualites\/"},"modified":"2026-04-13T09:18:07","modified_gmt":"2026-04-13T09:18:07","slug":"actualites","status":"publish","type":"page","link":"https:\/\/maxdivani.it\/fr\/actualites\/","title":{"rendered":"Actualit\u00e9s"},"content":{"rendered":"\t\t<div data-elementor-type=\"wp-page\" data-elementor-id=\"6282\" class=\"elementor elementor-6282 elementor-1978\" data-elementor-post-type=\"page\">\n\t\t\t\t<div class=\"elementor-element elementor-element-528e2e5 e-con-full e-flex e-con e-parent\" data-id=\"528e2e5\" data-element_type=\"container\" data-e-type=\"container\">\n\t\t\t\t<div class=\"elementor-element elementor-element-ad1e14a elementor-widget elementor-widget-image\" data-id=\"ad1e14a\" data-element_type=\"widget\" data-e-type=\"widget\" data-widget_type=\"image.default\">\n\t\t\t\t\t\t\t\t\t\t\t\t\t\t\t<img fetchpriority=\"high\" decoding=\"async\" width=\"1920\" height=\"850\" src=\"https:\/\/maxdivani.it\/wp-content\/uploads\/2026\/03\/maxdivani-NEWS_hero_01.webp\" class=\"attachment-full size-full wp-image-4113\" alt=\"\" srcset=\"https:\/\/maxdivani.it\/wp-content\/uploads\/2026\/03\/maxdivani-NEWS_hero_01.webp 1920w, https:\/\/maxdivani.it\/wp-content\/uploads\/2026\/03\/maxdivani-NEWS_hero_01-300x133.webp 300w, https:\/\/maxdivani.it\/wp-content\/uploads\/2026\/03\/maxdivani-NEWS_hero_01-1024x453.webp 1024w, https:\/\/maxdivani.it\/wp-content\/uploads\/2026\/03\/maxdivani-NEWS_hero_01-768x340.webp 768w, https:\/\/maxdivani.it\/wp-content\/uploads\/2026\/03\/maxdivani-NEWS_hero_01-1536x680.webp 1536w\" sizes=\"(max-width: 1920px) 100vw, 1920px\" \/>\t\t\t\t\t\t\t\t\t\t\t\t\t\t\t<\/div>\n\t\t\t\t<\/div>\n\t\t<div class=\"elementor-element elementor-element-ae5fe6e e-flex e-con-boxed e-con e-parent\" data-id=\"ae5fe6e\" data-element_type=\"container\" data-e-type=\"container\">\n\t\t\t\t\t<div class=\"e-con-inner\">\n\t\t\t\t<div class=\"elementor-element elementor-element-767e6b6 elementor-widget elementor-widget-text-editor\" data-id=\"767e6b6\" data-element_type=\"widget\" data-e-type=\"widget\" data-widget_type=\"text-editor.default\">\n\t\t\t\t\t\t\t\t\t<div>\u00c9v\u00e9nements et expositions\n<\/div>\n\t\t\t\t\t\t\t\t<\/div>\n\t\t<div class=\"elementor-element elementor-element-05e1739 e-con-full e-flex e-con e-child\" data-id=\"05e1739\" data-element_type=\"container\" data-e-type=\"container\">\n\t\t<div class=\"elementor-element elementor-element-fbf1693 e-con-full e-flex e-con e-child\" data-id=\"fbf1693\" data-element_type=\"container\" data-e-type=\"container\">\n\t\t\t\t<div class=\"elementor-element elementor-element-112215f elementor-widget elementor-widget-heading\" data-id=\"112215f\" data-element_type=\"widget\" data-e-type=\"widget\" data-widget_type=\"heading.default\">\n\t\t\t\t\t<h4 class=\"elementor-heading-title elementor-size-default\">Actualit\u00e9s<\/h4>\t\t\t\t<\/div>\n\t\t\t\t<\/div>\n\t\t\t\t<\/div>\n\t\t\t\t<div class=\"elementor-element elementor-element-92729ee elementor-widget elementor-widget-text-editor\" data-id=\"92729ee\" data-element_type=\"widget\" data-e-type=\"widget\" data-widget_type=\"text-editor.default\">\n\t\t\t\t\t\t\t\t\t<p>D\u00e9couvrez les nouveaut\u00e9s du monde de notre manufacture de salons : lancements de collections, participations \u00e0 des foires internationales, collaborations exclusives et moments qui racontent notre passion pour le design et l\u2019artisanat. Un lieu pour rester inform\u00e9 de ce qui se passe aujourd\u2019hui et de ce que nous pr\u00e9parons pour l\u2019avenir.<\/p>\n\t\t\t\t\t\t\t\t<\/div>\n\t\t\t\t\t<\/div>\n\t\t\t\t<\/div>\n\t\t<div class=\"elementor-element elementor-element-10a4864 e-flex e-con-boxed e-con e-parent\" data-id=\"10a4864\" data-element_type=\"container\" data-e-type=\"container\">\n\t\t\t\t\t<div class=\"e-con-inner\">\n\t\t\t\t\t<\/div>\n\t\t\t\t<\/div>\n\t\t\t\t<\/div>\n\t\t","protected":false},"excerpt":{"rendered":"<p>\u00c9v\u00e9nements et expositions D\u00e9couvrez les nouveaut\u00e9s du monde de notre manufacture de salons : lancements de collections, participations \u00e0 des foires internationales, collaborations exclusives et moments qui racontent notre passion pour le design et l\u2019artisanat. Un lieu pour rester inform\u00e9 de ce qui se passe aujourd\u2019hui et de ce que nous pr\u00e9parons pour l\u2019avenir.<\/p>\n","protected":false},"author":1,"featured_media":0,"parent":0,"menu_order":0,"comment_status":"closed","ping_status":"closed","template":"","meta":{"_acf_changed":false,"footnotes":""},"class_list":["post-6282","page","type-page","status-publish","hentry"],"acf":[],"yoast_head":"<!-- This site is optimized with the Yoast SEO plugin v27.4 - https:\/\/yoast.com\/product\/yoast-seo-wordpress\/ -->\n<title>Actualit\u00e9s - MAX DIVANI<\/title>\n<meta name=\"robots\" content=\"index, follow, max-snippet:-1, max-image-preview:large, max-video-preview:-1\" \/>\n<link rel=\"canonical\" href=\"https:\/\/maxdivani.it\/news-2\/\" \/>\n<meta property=\"og:locale\" content=\"fr_FR\" \/>\n<meta property=\"og:type\" content=\"article\" \/>\n<meta property=\"og:title\" content=\"Actualit\u00e9s - MAX DIVANI\" \/>\n<meta property=\"og:description\" content=\"\u00c9v\u00e9nements et expositions D\u00e9couvrez les nouveaut\u00e9s du monde de notre manufacture de salons : lancements de collections, participations \u00e0 des foires internationales, collaborations exclusives et moments qui racontent notre passion pour le design et l\u2019artisanat. Un lieu pour rester inform\u00e9 de ce qui se passe aujourd\u2019hui et de ce que nous pr\u00e9parons pour l\u2019avenir.\" \/>\n<meta property=\"og:url\" content=\"https:\/\/maxdivani.it\/news-2\/\" \/>\n<meta property=\"og:site_name\" content=\"MAX DIVANI\" \/>\n<meta property=\"article:modified_time\" content=\"2026-04-13T09:18:07+00:00\" \/>\n<meta property=\"og:image\" content=\"https:\/\/maxdivani.it\/wp-content\/uploads\/2026\/03\/maxdivani-NEWS_hero_01.webp\" \/>\n\t<meta property=\"og:image:width\" content=\"1920\" \/>\n\t<meta property=\"og:image:height\" content=\"850\" \/>\n\t<meta property=\"og:image:type\" content=\"image\/webp\" \/>\n<meta name=\"twitter:card\" content=\"summary_large_image\" \/>\n<script type=\"application\/ld+json\" class=\"yoast-schema-graph\">{\"@context\":\"https:\\\/\\\/schema.org\",\"@graph\":[{\"@type\":\"WebPage\",\"@id\":\"https:\\\/\\\/maxdivani.it\\\/news-2\\\/\",\"url\":\"https:\\\/\\\/maxdivani.it\\\/news-2\\\/\",\"name\":\"Actualit\u00e9s - MAX DIVANI\",\"isPartOf\":{\"@id\":\"https:\\\/\\\/maxdivani.it\\\/#website\"},\"primaryImageOfPage\":{\"@id\":\"https:\\\/\\\/maxdivani.it\\\/news-2\\\/#primaryimage\"},\"image\":{\"@id\":\"https:\\\/\\\/maxdivani.it\\\/news-2\\\/#primaryimage\"},\"thumbnailUrl\":\"https:\\\/\\\/maxdivani.it\\\/wp-content\\\/uploads\\\/2026\\\/03\\\/maxdivani-NEWS_hero_01.webp\",\"datePublished\":\"2026-03-10T10:59:03+00:00\",\"dateModified\":\"2026-04-13T09:18:07+00:00\",\"breadcrumb\":{\"@id\":\"https:\\\/\\\/maxdivani.it\\\/news-2\\\/#breadcrumb\"},\"inLanguage\":\"fr-FR\",\"potentialAction\":[{\"@type\":\"ReadAction\",\"target\":[\"https:\\\/\\\/maxdivani.it\\\/news-2\\\/\"]}]},{\"@type\":\"ImageObject\",\"inLanguage\":\"fr-FR\",\"@id\":\"https:\\\/\\\/maxdivani.it\\\/news-2\\\/#primaryimage\",\"url\":\"https:\\\/\\\/maxdivani.it\\\/wp-content\\\/uploads\\\/2026\\\/03\\\/maxdivani-NEWS_hero_01.webp\",\"contentUrl\":\"https:\\\/\\\/maxdivani.it\\\/wp-content\\\/uploads\\\/2026\\\/03\\\/maxdivani-NEWS_hero_01.webp\"},{\"@type\":\"BreadcrumbList\",\"@id\":\"https:\\\/\\\/maxdivani.it\\\/news-2\\\/#breadcrumb\",\"itemListElement\":[{\"@type\":\"ListItem\",\"position\":1,\"name\":\"Home\",\"item\":\"https:\\\/\\\/maxdivani.it\\\/fr\\\/\"},{\"@type\":\"ListItem\",\"position\":2,\"name\":\"Actualit\u00e9s\"}]},{\"@type\":\"WebSite\",\"@id\":\"https:\\\/\\\/maxdivani.it\\\/#website\",\"url\":\"https:\\\/\\\/maxdivani.it\\\/\",\"name\":\"MAX DIVANI\",\"description\":\"100% MADE IN ITALY\",\"publisher\":{\"@id\":\"https:\\\/\\\/maxdivani.it\\\/#organization\"},\"potentialAction\":[{\"@type\":\"SearchAction\",\"target\":{\"@type\":\"EntryPoint\",\"urlTemplate\":\"https:\\\/\\\/maxdivani.it\\\/?s={search_term_string}\"},\"query-input\":{\"@type\":\"PropertyValueSpecification\",\"valueRequired\":true,\"valueName\":\"search_term_string\"}}],\"inLanguage\":\"fr-FR\"},{\"@type\":\"Organization\",\"@id\":\"https:\\\/\\\/maxdivani.it\\\/#organization\",\"name\":\"MAX DIVANI\",\"url\":\"https:\\\/\\\/maxdivani.it\\\/\",\"logo\":{\"@type\":\"ImageObject\",\"inLanguage\":\"fr-FR\",\"@id\":\"https:\\\/\\\/maxdivani.it\\\/#\\\/schema\\\/logo\\\/image\\\/\",\"url\":\"https:\\\/\\\/maxdivani.it\\\/wp-content\\\/uploads\\\/2026\\\/02\\\/logo_maxdivani.svg\",\"contentUrl\":\"https:\\\/\\\/maxdivani.it\\\/wp-content\\\/uploads\\\/2026\\\/02\\\/logo_maxdivani.svg\",\"width\":566,\"height\":141,\"caption\":\"MAX DIVANI\"},\"image\":{\"@id\":\"https:\\\/\\\/maxdivani.it\\\/#\\\/schema\\\/logo\\\/image\\\/\"}}]}<\/script>\n<!-- \/ Yoast SEO plugin. -->","yoast_head_json":{"title":"Actualit\u00e9s - MAX DIVANI","robots":{"index":"index","follow":"follow","max-snippet":"max-snippet:-1","max-image-preview":"max-image-preview:large","max-video-preview":"max-video-preview:-1"},"canonical":"https:\/\/maxdivani.it\/news-2\/","og_locale":"fr_FR","og_type":"article","og_title":"Actualit\u00e9s - MAX DIVANI","og_description":"\u00c9v\u00e9nements et expositions D\u00e9couvrez les nouveaut\u00e9s du monde de notre manufacture de salons : lancements de collections, participations \u00e0 des foires internationales, collaborations exclusives et moments qui racontent notre passion pour le design et l\u2019artisanat. Un lieu pour rester inform\u00e9 de ce qui se passe aujourd\u2019hui et de ce que nous pr\u00e9parons pour l\u2019avenir.","og_url":"https:\/\/maxdivani.it\/news-2\/","og_site_name":"MAX DIVANI","article_modified_time":"2026-04-13T09:18:07+00:00","og_image":[{"width":1920,"height":850,"url":"https:\/\/maxdivani.it\/wp-content\/uploads\/2026\/03\/maxdivani-NEWS_hero_01.webp","type":"image\/webp"}],"twitter_card":"summary_large_image","schema":{"@context":"https:\/\/schema.org","@graph":[{"@type":"WebPage","@id":"https:\/\/maxdivani.it\/news-2\/","url":"https:\/\/maxdivani.it\/news-2\/","name":"Actualit\u00e9s - MAX DIVANI","isPartOf":{"@id":"https:\/\/maxdivani.it\/#website"},"primaryImageOfPage":{"@id":"https:\/\/maxdivani.it\/news-2\/#primaryimage"},"image":{"@id":"https:\/\/maxdivani.it\/news-2\/#primaryimage"},"thumbnailUrl":"https:\/\/maxdivani.it\/wp-content\/uploads\/2026\/03\/maxdivani-NEWS_hero_01.webp","datePublished":"2026-03-10T10:59:03+00:00","dateModified":"2026-04-13T09:18:07+00:00","breadcrumb":{"@id":"https:\/\/maxdivani.it\/news-2\/#breadcrumb"},"inLanguage":"fr-FR","potentialAction":[{"@type":"ReadAction","target":["https:\/\/maxdivani.it\/news-2\/"]}]},{"@type":"ImageObject","inLanguage":"fr-FR","@id":"https:\/\/maxdivani.it\/news-2\/#primaryimage","url":"https:\/\/maxdivani.it\/wp-content\/uploads\/2026\/03\/maxdivani-NEWS_hero_01.webp","contentUrl":"https:\/\/maxdivani.it\/wp-content\/uploads\/2026\/03\/maxdivani-NEWS_hero_01.webp"},{"@type":"BreadcrumbList","@id":"https:\/\/maxdivani.it\/news-2\/#breadcrumb","itemListElement":[{"@type":"ListItem","position":1,"name":"Home","item":"https:\/\/maxdivani.it\/fr\/"},{"@type":"ListItem","position":2,"name":"Actualit\u00e9s"}]},{"@type":"WebSite","@id":"https:\/\/maxdivani.it\/#website","url":"https:\/\/maxdivani.it\/","name":"MAX DIVANI","description":"100% MADE IN ITALY","publisher":{"@id":"https:\/\/maxdivani.it\/#organization"},"potentialAction":[{"@type":"SearchAction","target":{"@type":"EntryPoint","urlTemplate":"https:\/\/maxdivani.it\/?s={search_term_string}"},"query-input":{"@type":"PropertyValueSpecification","valueRequired":true,"valueName":"search_term_string"}}],"inLanguage":"fr-FR"},{"@type":"Organization","@id":"https:\/\/maxdivani.it\/#organization","name":"MAX DIVANI","url":"https:\/\/maxdivani.it\/","logo":{"@type":"ImageObject","inLanguage":"fr-FR","@id":"https:\/\/maxdivani.it\/#\/schema\/logo\/image\/","url":"https:\/\/maxdivani.it\/wp-content\/uploads\/2026\/02\/logo_maxdivani.svg","contentUrl":"https:\/\/maxdivani.it\/wp-content\/uploads\/2026\/02\/logo_maxdivani.svg","width":566,"height":141,"caption":"MAX DIVANI"},"image":{"@id":"https:\/\/maxdivani.it\/#\/schema\/logo\/image\/"}}]}},"_links":{"self":[{"href":"https:\/\/maxdivani.it\/fr\/wp-json\/wp\/v2\/pages\/6282","targetHints":{"allow":["GET"]}}],"collection":[{"href":"https:\/\/maxdivani.it\/fr\/wp-json\/wp\/v2\/pages"}],"about":[{"href":"https:\/\/maxdivani.it\/fr\/wp-json\/wp\/v2\/types\/page"}],"author":[{"embeddable":true,"href":"https:\/\/maxdivani.it\/fr\/wp-json\/wp\/v2\/users\/1"}],"replies":[{"embeddable":true,"href":"https:\/\/maxdivani.it\/fr\/wp-json\/wp\/v2\/comments?post=6282"}],"version-history":[{"count":1,"href":"https:\/\/maxdivani.it\/fr\/wp-json\/wp\/v2\/pages\/6282\/revisions"}],"predecessor-version":[{"id":6284,"href":"https:\/\/maxdivani.it\/fr\/wp-json\/wp\/v2\/pages\/6282\/revisions\/6284"}],"wp:attachment":[{"href":"https:\/\/maxdivani.it\/fr\/wp-json\/wp\/v2\/media?parent=6282"}],"curies":[{"name":"wp","href":"https:\/\/api.w.org\/{rel}","templated":true}]}}